{"id":81303,"date":"2022-10-10T11:24:33","date_gmt":"2022-10-10T11:24:33","guid":{"rendered":"https:\/\/aceitesmaeva.com\/?post_type=product&#038;p=81303"},"modified":"2025-05-12T12:22:47","modified_gmt":"2025-05-12T12:22:47","slug":"caja-12-sprays-de-vinagre-balsamico","status":"publish","type":"product","link":"https:\/\/aceitesmaeva.com\/fr\/producto\/caja-12-sprays-de-vinagre-balsamico\/","title":{"rendered":"CAJA 12 SPRAYS DE VINAGRE BALS\u00c1MICO"},"content":{"rendered":"","protected":false},"excerpt":{"rendered":"<p>12 sprays de 200ml.<\/p>\n<p>Adereza tus ensaladas con nuestro spray de vinagre bals\u00e1mico y ponle la cantidad justa a tus platos.<\/p>\n<p>Est\u00e1 dise\u00f1ado en formato spray bag on valve, lo que hace que el vinagre mantenga todas sus propiedades estando aislada de la luz sin perder el sabor m\u00e1s puro.<\/p>\n","protected":false},"featured_media":83246,"comment_status":"closed","ping_status":"closed","template":"","meta":[],"product_brand":[],"product_cat":[114],"product_tag":[],"class_list":{"0":"post-81303","1":"product","2":"type-product","3":"status-publish","4":"has-post-thumbnail","6":"product_cat-spray","8":"first","9":"instock","10":"taxable","11":"shipping-taxable","12":"purchasable","13":"product-type-simple"},"yoast_head":"<!-- This site is optimized with the Yoast SEO plugin v27.4 - https:\/\/yoast.com\/product\/yoast-seo-wordpress\/ -->\n<title>CAJA 12 SPRAYS DE VINAGRE BALS\u00c1MICO - Aceites Maeva<\/title>\n<meta name=\"robots\" content=\"index, follow, max-snippet:-1, max-image-preview:large, max-video-preview:-1\" \/>\n<link rel=\"canonical\" href=\"https:\/\/aceitesmaeva.com\/fr\/producto\/caja-12-sprays-de-vinagre-balsamico\/\" \/>\n<meta property=\"og:locale\" content=\"fr_FR\" \/>\n<meta property=\"og:type\" content=\"article\" \/>\n<meta property=\"og:title\" content=\"CAJA 12 SPRAYS DE VINAGRE BALS\u00c1MICO - Aceites Maeva\" \/>\n<meta property=\"og:description\" content=\"12 sprays de 200ml.  Adereza tus ensaladas con nuestro spray de vinagre bals\u00e1mico y ponle la cantidad justa a tus platos.  Est\u00e1 dise\u00f1ado en formato spray bag on valve, lo que hace que el vinagre mantenga todas sus propiedades estando aislada de la luz sin perder el sabor m\u00e1s puro.\" \/>\n<meta property=\"og:url\" content=\"https:\/\/aceitesmaeva.com\/fr\/producto\/caja-12-sprays-de-vinagre-balsamico\/\" \/>\n<meta property=\"og:site_name\" content=\"Aceites Maeva\" \/>\n<meta property=\"article:modified_time\" content=\"2025-05-12T12:22:47+00:00\" \/>\n<meta property=\"og:image\" content=\"https:\/\/aceitesmaeva.com\/wp-content\/uploads\/2022\/10\/vinagre.jpg\" \/>\n\t<meta property=\"og:image:width\" content=\"800\" \/>\n\t<meta property=\"og:image:height\" content=\"800\" \/>\n\t<meta property=\"og:image:type\" content=\"image\/jpeg\" \/>\n<meta name=\"twitter:card\" content=\"summary_large_image\" \/>\n<script type=\"application\/ld+json\" class=\"yoast-schema-graph\">{\"@context\":\"https:\\\/\\\/schema.org\",\"@graph\":[{\"@type\":\"WebPage\",\"@id\":\"https:\\\/\\\/aceitesmaeva.com\\\/fr\\\/producto\\\/caja-12-sprays-de-vinagre-balsamico\\\/\",\"url\":\"https:\\\/\\\/aceitesmaeva.com\\\/fr\\\/producto\\\/caja-12-sprays-de-vinagre-balsamico\\\/\",\"name\":\"CAJA 12 SPRAYS DE VINAGRE BALS\u00c1MICO - Aceites Maeva\",\"isPartOf\":{\"@id\":\"https:\\\/\\\/aceitesmaeva.com\\\/fr\\\/#website\"},\"primaryImageOfPage\":{\"@id\":\"https:\\\/\\\/aceitesmaeva.com\\\/fr\\\/producto\\\/caja-12-sprays-de-vinagre-balsamico\\\/#primaryimage\"},\"image\":{\"@id\":\"https:\\\/\\\/aceitesmaeva.com\\\/fr\\\/producto\\\/caja-12-sprays-de-vinagre-balsamico\\\/#primaryimage\"},\"thumbnailUrl\":\"https:\\\/\\\/aceitesmaeva.com\\\/wp-content\\\/uploads\\\/2022\\\/10\\\/vinagre.jpg\",\"datePublished\":\"2022-10-10T11:24:33+00:00\",\"dateModified\":\"2025-05-12T12:22:47+00:00\",\"breadcrumb\":{\"@id\":\"https:\\\/\\\/aceitesmaeva.com\\\/fr\\\/producto\\\/caja-12-sprays-de-vinagre-balsamico\\\/#breadcrumb\"},\"inLanguage\":\"fr-FR\",\"potentialAction\":[{\"@type\":\"ReadAction\",\"target\":[\"https:\\\/\\\/aceitesmaeva.com\\\/fr\\\/producto\\\/caja-12-sprays-de-vinagre-balsamico\\\/\"]}]},{\"@type\":\"ImageObject\",\"inLanguage\":\"fr-FR\",\"@id\":\"https:\\\/\\\/aceitesmaeva.com\\\/fr\\\/producto\\\/caja-12-sprays-de-vinagre-balsamico\\\/#primaryimage\",\"url\":\"https:\\\/\\\/aceitesmaeva.com\\\/wp-content\\\/uploads\\\/2022\\\/10\\\/vinagre.jpg\",\"contentUrl\":\"https:\\\/\\\/aceitesmaeva.com\\\/wp-content\\\/uploads\\\/2022\\\/10\\\/vinagre.jpg\",\"width\":800,\"height\":800,\"caption\":\"spray vinagre\"},{\"@type\":\"BreadcrumbList\",\"@id\":\"https:\\\/\\\/aceitesmaeva.com\\\/fr\\\/producto\\\/caja-12-sprays-de-vinagre-balsamico\\\/#breadcrumb\",\"itemListElement\":[{\"@type\":\"ListItem\",\"position\":1,\"name\":\"Portada\",\"item\":\"https:\\\/\\\/aceitesmaeva.com\\\/fr\\\/\"},{\"@type\":\"ListItem\",\"position\":2,\"name\":\"Tienda\",\"item\":\"https:\\\/\\\/aceitesmaeva.com\\\/?page_id=81245\"},{\"@type\":\"ListItem\",\"position\":3,\"name\":\"CAJA 12 SPRAYS DE VINAGRE BALS\u00c1MICO\"}]},{\"@type\":\"WebSite\",\"@id\":\"https:\\\/\\\/aceitesmaeva.com\\\/fr\\\/#website\",\"url\":\"https:\\\/\\\/aceitesmaeva.com\\\/fr\\\/\",\"name\":\"Aceites Maeva\",\"description\":\"Aceite de Oliva Virgen Extra\",\"potentialAction\":[{\"@type\":\"SearchAction\",\"target\":{\"@type\":\"EntryPoint\",\"urlTemplate\":\"https:\\\/\\\/aceitesmaeva.com\\\/fr\\\/?s={search_term_string}\"},\"query-input\":{\"@type\":\"PropertyValueSpecification\",\"valueRequired\":true,\"valueName\":\"search_term_string\"}}],\"inLanguage\":\"fr-FR\"}]}<\/script>\n<!-- \/ Yoast SEO plugin. -->","yoast_head_json":{"title":"CAJA 12 SPRAYS DE VINAGRE BALS\u00c1MICO - Aceites Maeva","robots":{"index":"index","follow":"follow","max-snippet":"max-snippet:-1","max-image-preview":"max-image-preview:large","max-video-preview":"max-video-preview:-1"},"canonical":"https:\/\/aceitesmaeva.com\/fr\/producto\/caja-12-sprays-de-vinagre-balsamico\/","og_locale":"fr_FR","og_type":"article","og_title":"CAJA 12 SPRAYS DE VINAGRE BALS\u00c1MICO - Aceites Maeva","og_description":"12 sprays de 200ml.  Adereza tus ensaladas con nuestro spray de vinagre bals\u00e1mico y ponle la cantidad justa a tus platos.  Est\u00e1 dise\u00f1ado en formato spray bag on valve, lo que hace que el vinagre mantenga todas sus propiedades estando aislada de la luz sin perder el sabor m\u00e1s puro.","og_url":"https:\/\/aceitesmaeva.com\/fr\/producto\/caja-12-sprays-de-vinagre-balsamico\/","og_site_name":"Aceites Maeva","article_modified_time":"2025-05-12T12:22:47+00:00","og_image":[{"width":800,"height":800,"url":"https:\/\/aceitesmaeva.com\/wp-content\/uploads\/2022\/10\/vinagre.jpg","type":"image\/jpeg"}],"twitter_card":"summary_large_image","schema":{"@context":"https:\/\/schema.org","@graph":[{"@type":"WebPage","@id":"https:\/\/aceitesmaeva.com\/fr\/producto\/caja-12-sprays-de-vinagre-balsamico\/","url":"https:\/\/aceitesmaeva.com\/fr\/producto\/caja-12-sprays-de-vinagre-balsamico\/","name":"CAJA 12 SPRAYS DE VINAGRE BALS\u00c1MICO - Aceites Maeva","isPartOf":{"@id":"https:\/\/aceitesmaeva.com\/fr\/#website"},"primaryImageOfPage":{"@id":"https:\/\/aceitesmaeva.com\/fr\/producto\/caja-12-sprays-de-vinagre-balsamico\/#primaryimage"},"image":{"@id":"https:\/\/aceitesmaeva.com\/fr\/producto\/caja-12-sprays-de-vinagre-balsamico\/#primaryimage"},"thumbnailUrl":"https:\/\/aceitesmaeva.com\/wp-content\/uploads\/2022\/10\/vinagre.jpg","datePublished":"2022-10-10T11:24:33+00:00","dateModified":"2025-05-12T12:22:47+00:00","breadcrumb":{"@id":"https:\/\/aceitesmaeva.com\/fr\/producto\/caja-12-sprays-de-vinagre-balsamico\/#breadcrumb"},"inLanguage":"fr-FR","potentialAction":[{"@type":"ReadAction","target":["https:\/\/aceitesmaeva.com\/fr\/producto\/caja-12-sprays-de-vinagre-balsamico\/"]}]},{"@type":"ImageObject","inLanguage":"fr-FR","@id":"https:\/\/aceitesmaeva.com\/fr\/producto\/caja-12-sprays-de-vinagre-balsamico\/#primaryimage","url":"https:\/\/aceitesmaeva.com\/wp-content\/uploads\/2022\/10\/vinagre.jpg","contentUrl":"https:\/\/aceitesmaeva.com\/wp-content\/uploads\/2022\/10\/vinagre.jpg","width":800,"height":800,"caption":"spray vinagre"},{"@type":"BreadcrumbList","@id":"https:\/\/aceitesmaeva.com\/fr\/producto\/caja-12-sprays-de-vinagre-balsamico\/#breadcrumb","itemListElement":[{"@type":"ListItem","position":1,"name":"Portada","item":"https:\/\/aceitesmaeva.com\/fr\/"},{"@type":"ListItem","position":2,"name":"Tienda","item":"https:\/\/aceitesmaeva.com\/?page_id=81245"},{"@type":"ListItem","position":3,"name":"CAJA 12 SPRAYS DE VINAGRE BALS\u00c1MICO"}]},{"@type":"WebSite","@id":"https:\/\/aceitesmaeva.com\/fr\/#website","url":"https:\/\/aceitesmaeva.com\/fr\/","name":"Aceites Maeva","description":"Aceite de Oliva Virgen Extra","potentialAction":[{"@type":"SearchAction","target":{"@type":"EntryPoint","urlTemplate":"https:\/\/aceitesmaeva.com\/fr\/?s={search_term_string}"},"query-input":{"@type":"PropertyValueSpecification","valueRequired":true,"valueName":"search_term_string"}}],"inLanguage":"fr-FR"}]}},"_links":{"self":[{"href":"https:\/\/aceitesmaeva.com\/fr\/wp-json\/wp\/v2\/product\/81303","targetHints":{"allow":["GET"]}}],"collection":[{"href":"https:\/\/aceitesmaeva.com\/fr\/wp-json\/wp\/v2\/product"}],"about":[{"href":"https:\/\/aceitesmaeva.com\/fr\/wp-json\/wp\/v2\/types\/product"}],"replies":[{"embeddable":true,"href":"https:\/\/aceitesmaeva.com\/fr\/wp-json\/wp\/v2\/comments?post=81303"}],"wp:featuredmedia":[{"embeddable":true,"href":"https:\/\/aceitesmaeva.com\/fr\/wp-json\/wp\/v2\/media\/83246"}],"wp:attachment":[{"href":"https:\/\/aceitesmaeva.com\/fr\/wp-json\/wp\/v2\/media?parent=81303"}],"wp:term":[{"taxonomy":"product_brand","embeddable":true,"href":"https:\/\/aceitesmaeva.com\/fr\/wp-json\/wp\/v2\/product_brand?post=81303"},{"taxonomy":"product_cat","embeddable":true,"href":"https:\/\/aceitesmaeva.com\/fr\/wp-json\/wp\/v2\/product_cat?post=81303"},{"taxonomy":"product_tag","embeddable":true,"href":"https:\/\/aceitesmaeva.com\/fr\/wp-json\/wp\/v2\/product_tag?post=81303"}],"curies":[{"name":"wp","href":"https:\/\/api.w.org\/{rel}","templated":true}]}}