{"id":81261,"date":"2022-10-06T10:36:53","date_gmt":"2022-10-06T10:36:53","guid":{"rendered":"https:\/\/aceitesmaeva.com\/?post_type=product&#038;p=81261"},"modified":"2025-09-09T07:14:55","modified_gmt":"2025-09-09T07:14:55","slug":"caja-3-garrafas-de-5l-de-aceite-de-oliva-virgen-extra-maeva","status":"publish","type":"product","link":"https:\/\/aceitesmaeva.com\/fr\/producto\/caja-3-garrafas-de-5l-de-aceite-de-oliva-virgen-extra-maeva\/","title":{"rendered":"CAJA 3 GARRAFAS DE 5L DE ACEITE DE OLIVA VIRGEN EXTRA MAEVA"},"content":{"rendered":"","protected":false},"excerpt":{"rendered":"<p>La ganadora a sabor del a\u00f1o gracias a la opini\u00f3n de los consumidores y reconocida como compra maestra por la OCU, tambi\u00e9n disponible en formato garrafa 5L.<\/p>\n<p>Los <strong>sabores \u00fanicos e inimitables<\/strong> del aceite de oliva virgen extra de Aceites Maeva es la se\u00f1a de identidad de la marca. Su gusto aporta frescura al paladar, junto a su aroma afrutado e intenso de aceituna verde que es exquisito.<\/p>\n<p><em>*Fecha caducidad entre 9 y 6 meses<\/em><\/p>\n","protected":false},"featured_media":83408,"comment_status":"closed","ping_status":"closed","template":"","meta":[],"product_brand":[],"product_cat":[116],"product_tag":[],"class_list":{"0":"post-81261","1":"product","2":"type-product","3":"status-publish","4":"has-post-thumbnail","6":"product_cat-garrafa","8":"first","9":"instock","10":"taxable","11":"shipping-taxable","12":"purchasable","13":"product-type-simple"},"yoast_head":"<!-- This site is optimized with the Yoast SEO plugin v27.4 - https:\/\/yoast.com\/product\/yoast-seo-wordpress\/ -->\n<title>GARRAFAS DE 5L DE ACEITE DE OLIVA VIRGEN EXTRA MAEVA - Aceites Maeva<\/title>\n<meta name=\"description\" content=\"Los sabores \u00fanicos e inimitables del Aceite de Oliva Virgen extra de Aceites Maeva. Reconocida como compra maestra por la OCU.\" \/>\n<meta name=\"robots\" content=\"index, follow, max-snippet:-1, max-image-preview:large, max-video-preview:-1\" \/>\n<link rel=\"canonical\" href=\"https:\/\/aceitesmaeva.com\/fr\/producto\/caja-3-garrafas-de-5l-de-aceite-de-oliva-virgen-extra-maeva\/\" \/>\n<meta property=\"og:locale\" content=\"fr_FR\" \/>\n<meta property=\"og:type\" content=\"article\" \/>\n<meta property=\"og:title\" content=\"GARRAFAS DE 5L DE ACEITE DE OLIVA VIRGEN EXTRA MAEVA - Aceites Maeva\" \/>\n<meta property=\"og:description\" content=\"Los sabores \u00fanicos e inimitables del Aceite de Oliva Virgen extra de Aceites Maeva. Reconocida como compra maestra por la OCU.\" \/>\n<meta property=\"og:url\" content=\"https:\/\/aceitesmaeva.com\/fr\/producto\/caja-3-garrafas-de-5l-de-aceite-de-oliva-virgen-extra-maeva\/\" \/>\n<meta property=\"og:site_name\" content=\"Aceites Maeva\" \/>\n<meta property=\"article:modified_time\" content=\"2025-09-09T07:14:55+00:00\" \/>\n<meta property=\"og:image\" content=\"https:\/\/aceitesmaeva.com\/wp-content\/uploads\/2022\/10\/caja-garrafas-1.png\" \/>\n\t<meta property=\"og:image:width\" content=\"800\" \/>\n\t<meta property=\"og:image:height\" content=\"800\" \/>\n\t<meta property=\"og:image:type\" content=\"image\/png\" \/>\n<meta name=\"twitter:card\" content=\"summary_large_image\" \/>\n<meta name=\"twitter:label1\" content=\"Dur\u00e9e de lecture estim\u00e9e\" \/>\n\t<meta name=\"twitter:data1\" content=\"1 minute\" \/>\n<script type=\"application\/ld+json\" class=\"yoast-schema-graph\">{\"@context\":\"https:\\\/\\\/schema.org\",\"@graph\":[{\"@type\":\"WebPage\",\"@id\":\"https:\\\/\\\/aceitesmaeva.com\\\/fr\\\/producto\\\/caja-3-garrafas-de-5l-de-aceite-de-oliva-virgen-extra-maeva\\\/\",\"url\":\"https:\\\/\\\/aceitesmaeva.com\\\/fr\\\/producto\\\/caja-3-garrafas-de-5l-de-aceite-de-oliva-virgen-extra-maeva\\\/\",\"name\":\"GARRAFAS DE 5L DE ACEITE DE OLIVA VIRGEN EXTRA MAEVA - Aceites Maeva\",\"isPartOf\":{\"@id\":\"https:\\\/\\\/aceitesmaeva.com\\\/fr\\\/#website\"},\"primaryImageOfPage\":{\"@id\":\"https:\\\/\\\/aceitesmaeva.com\\\/fr\\\/producto\\\/caja-3-garrafas-de-5l-de-aceite-de-oliva-virgen-extra-maeva\\\/#primaryimage\"},\"image\":{\"@id\":\"https:\\\/\\\/aceitesmaeva.com\\\/fr\\\/producto\\\/caja-3-garrafas-de-5l-de-aceite-de-oliva-virgen-extra-maeva\\\/#primaryimage\"},\"thumbnailUrl\":\"https:\\\/\\\/aceitesmaeva.com\\\/wp-content\\\/uploads\\\/2022\\\/10\\\/caja-garrafas-1.png\",\"datePublished\":\"2022-10-06T10:36:53+00:00\",\"dateModified\":\"2025-09-09T07:14:55+00:00\",\"description\":\"Los sabores \u00fanicos e inimitables del Aceite de Oliva Virgen extra de Aceites Maeva. Reconocida como compra maestra por la OCU.\",\"breadcrumb\":{\"@id\":\"https:\\\/\\\/aceitesmaeva.com\\\/fr\\\/producto\\\/caja-3-garrafas-de-5l-de-aceite-de-oliva-virgen-extra-maeva\\\/#breadcrumb\"},\"inLanguage\":\"fr-FR\",\"potentialAction\":[{\"@type\":\"ReadAction\",\"target\":[\"https:\\\/\\\/aceitesmaeva.com\\\/fr\\\/producto\\\/caja-3-garrafas-de-5l-de-aceite-de-oliva-virgen-extra-maeva\\\/\"]}]},{\"@type\":\"ImageObject\",\"inLanguage\":\"fr-FR\",\"@id\":\"https:\\\/\\\/aceitesmaeva.com\\\/fr\\\/producto\\\/caja-3-garrafas-de-5l-de-aceite-de-oliva-virgen-extra-maeva\\\/#primaryimage\",\"url\":\"https:\\\/\\\/aceitesmaeva.com\\\/wp-content\\\/uploads\\\/2022\\\/10\\\/caja-garrafas-1.png\",\"contentUrl\":\"https:\\\/\\\/aceitesmaeva.com\\\/wp-content\\\/uploads\\\/2022\\\/10\\\/caja-garrafas-1.png\",\"width\":800,\"height\":800,\"caption\":\"caja-garrafas aceite maeva\"},{\"@type\":\"BreadcrumbList\",\"@id\":\"https:\\\/\\\/aceitesmaeva.com\\\/fr\\\/producto\\\/caja-3-garrafas-de-5l-de-aceite-de-oliva-virgen-extra-maeva\\\/#breadcrumb\",\"itemListElement\":[{\"@type\":\"ListItem\",\"position\":1,\"name\":\"Portada\",\"item\":\"https:\\\/\\\/aceitesmaeva.com\\\/fr\\\/\"},{\"@type\":\"ListItem\",\"position\":2,\"name\":\"Tienda\",\"item\":\"https:\\\/\\\/aceitesmaeva.com\\\/?page_id=81245\"},{\"@type\":\"ListItem\",\"position\":3,\"name\":\"CAJA 3 GARRAFAS DE 5L DE ACEITE DE OLIVA VIRGEN EXTRA MAEVA\"}]},{\"@type\":\"WebSite\",\"@id\":\"https:\\\/\\\/aceitesmaeva.com\\\/fr\\\/#website\",\"url\":\"https:\\\/\\\/aceitesmaeva.com\\\/fr\\\/\",\"name\":\"Aceites Maeva\",\"description\":\"Aceite de Oliva Virgen Extra\",\"potentialAction\":[{\"@type\":\"SearchAction\",\"target\":{\"@type\":\"EntryPoint\",\"urlTemplate\":\"https:\\\/\\\/aceitesmaeva.com\\\/fr\\\/?s={search_term_string}\"},\"query-input\":{\"@type\":\"PropertyValueSpecification\",\"valueRequired\":true,\"valueName\":\"search_term_string\"}}],\"inLanguage\":\"fr-FR\"}]}<\/script>\n<!-- \/ Yoast SEO plugin. -->","yoast_head_json":{"title":"GARRAFAS DE 5L DE ACEITE DE OLIVA VIRGEN EXTRA MAEVA - Aceites Maeva","description":"Los sabores \u00fanicos e inimitables del Aceite de Oliva Virgen extra de Aceites Maeva. Reconocida como compra maestra por la OCU.","robots":{"index":"index","follow":"follow","max-snippet":"max-snippet:-1","max-image-preview":"max-image-preview:large","max-video-preview":"max-video-preview:-1"},"canonical":"https:\/\/aceitesmaeva.com\/fr\/producto\/caja-3-garrafas-de-5l-de-aceite-de-oliva-virgen-extra-maeva\/","og_locale":"fr_FR","og_type":"article","og_title":"GARRAFAS DE 5L DE ACEITE DE OLIVA VIRGEN EXTRA MAEVA - Aceites Maeva","og_description":"Los sabores \u00fanicos e inimitables del Aceite de Oliva Virgen extra de Aceites Maeva. Reconocida como compra maestra por la OCU.","og_url":"https:\/\/aceitesmaeva.com\/fr\/producto\/caja-3-garrafas-de-5l-de-aceite-de-oliva-virgen-extra-maeva\/","og_site_name":"Aceites Maeva","article_modified_time":"2025-09-09T07:14:55+00:00","og_image":[{"width":800,"height":800,"url":"https:\/\/aceitesmaeva.com\/wp-content\/uploads\/2022\/10\/caja-garrafas-1.png","type":"image\/png"}],"twitter_card":"summary_large_image","twitter_misc":{"Dur\u00e9e de lecture estim\u00e9e":"1 minute"},"schema":{"@context":"https:\/\/schema.org","@graph":[{"@type":"WebPage","@id":"https:\/\/aceitesmaeva.com\/fr\/producto\/caja-3-garrafas-de-5l-de-aceite-de-oliva-virgen-extra-maeva\/","url":"https:\/\/aceitesmaeva.com\/fr\/producto\/caja-3-garrafas-de-5l-de-aceite-de-oliva-virgen-extra-maeva\/","name":"GARRAFAS DE 5L DE ACEITE DE OLIVA VIRGEN EXTRA MAEVA - Aceites Maeva","isPartOf":{"@id":"https:\/\/aceitesmaeva.com\/fr\/#website"},"primaryImageOfPage":{"@id":"https:\/\/aceitesmaeva.com\/fr\/producto\/caja-3-garrafas-de-5l-de-aceite-de-oliva-virgen-extra-maeva\/#primaryimage"},"image":{"@id":"https:\/\/aceitesmaeva.com\/fr\/producto\/caja-3-garrafas-de-5l-de-aceite-de-oliva-virgen-extra-maeva\/#primaryimage"},"thumbnailUrl":"https:\/\/aceitesmaeva.com\/wp-content\/uploads\/2022\/10\/caja-garrafas-1.png","datePublished":"2022-10-06T10:36:53+00:00","dateModified":"2025-09-09T07:14:55+00:00","description":"Los sabores \u00fanicos e inimitables del Aceite de Oliva Virgen extra de Aceites Maeva. Reconocida como compra maestra por la OCU.","breadcrumb":{"@id":"https:\/\/aceitesmaeva.com\/fr\/producto\/caja-3-garrafas-de-5l-de-aceite-de-oliva-virgen-extra-maeva\/#breadcrumb"},"inLanguage":"fr-FR","potentialAction":[{"@type":"ReadAction","target":["https:\/\/aceitesmaeva.com\/fr\/producto\/caja-3-garrafas-de-5l-de-aceite-de-oliva-virgen-extra-maeva\/"]}]},{"@type":"ImageObject","inLanguage":"fr-FR","@id":"https:\/\/aceitesmaeva.com\/fr\/producto\/caja-3-garrafas-de-5l-de-aceite-de-oliva-virgen-extra-maeva\/#primaryimage","url":"https:\/\/aceitesmaeva.com\/wp-content\/uploads\/2022\/10\/caja-garrafas-1.png","contentUrl":"https:\/\/aceitesmaeva.com\/wp-content\/uploads\/2022\/10\/caja-garrafas-1.png","width":800,"height":800,"caption":"caja-garrafas aceite maeva"},{"@type":"BreadcrumbList","@id":"https:\/\/aceitesmaeva.com\/fr\/producto\/caja-3-garrafas-de-5l-de-aceite-de-oliva-virgen-extra-maeva\/#breadcrumb","itemListElement":[{"@type":"ListItem","position":1,"name":"Portada","item":"https:\/\/aceitesmaeva.com\/fr\/"},{"@type":"ListItem","position":2,"name":"Tienda","item":"https:\/\/aceitesmaeva.com\/?page_id=81245"},{"@type":"ListItem","position":3,"name":"CAJA 3 GARRAFAS DE 5L DE ACEITE DE OLIVA VIRGEN EXTRA MAEVA"}]},{"@type":"WebSite","@id":"https:\/\/aceitesmaeva.com\/fr\/#website","url":"https:\/\/aceitesmaeva.com\/fr\/","name":"Aceites Maeva","description":"Aceite de Oliva Virgen Extra","potentialAction":[{"@type":"SearchAction","target":{"@type":"EntryPoint","urlTemplate":"https:\/\/aceitesmaeva.com\/fr\/?s={search_term_string}"},"query-input":{"@type":"PropertyValueSpecification","valueRequired":true,"valueName":"search_term_string"}}],"inLanguage":"fr-FR"}]}},"_links":{"self":[{"href":"https:\/\/aceitesmaeva.com\/fr\/wp-json\/wp\/v2\/product\/81261","targetHints":{"allow":["GET"]}}],"collection":[{"href":"https:\/\/aceitesmaeva.com\/fr\/wp-json\/wp\/v2\/product"}],"about":[{"href":"https:\/\/aceitesmaeva.com\/fr\/wp-json\/wp\/v2\/types\/product"}],"replies":[{"embeddable":true,"href":"https:\/\/aceitesmaeva.com\/fr\/wp-json\/wp\/v2\/comments?post=81261"}],"wp:featuredmedia":[{"embeddable":true,"href":"https:\/\/aceitesmaeva.com\/fr\/wp-json\/wp\/v2\/media\/83408"}],"wp:attachment":[{"href":"https:\/\/aceitesmaeva.com\/fr\/wp-json\/wp\/v2\/media?parent=81261"}],"wp:term":[{"taxonomy":"product_brand","embeddable":true,"href":"https:\/\/aceitesmaeva.com\/fr\/wp-json\/wp\/v2\/product_brand?post=81261"},{"taxonomy":"product_cat","embeddable":true,"href":"https:\/\/aceitesmaeva.com\/fr\/wp-json\/wp\/v2\/product_cat?post=81261"},{"taxonomy":"product_tag","embeddable":true,"href":"https:\/\/aceitesmaeva.com\/fr\/wp-json\/wp\/v2\/product_tag?post=81261"}],"curies":[{"name":"wp","href":"https:\/\/api.w.org\/{rel}","templated":true}]}}