{"id":81260,"date":"2022-10-07T07:15:56","date_gmt":"2022-10-07T07:15:56","guid":{"rendered":"https:\/\/aceitesmaeva.com\/?post_type=product&#038;p=81260"},"modified":"2025-09-09T07:15:43","modified_gmt":"2025-09-09T07:15:43","slug":"caja-15-botellas-1l-pet-de-aceite-de-oliva-virgen-extra-maeva","status":"publish","type":"product","link":"https:\/\/aceitesmaeva.com\/fr\/producto\/caja-15-botellas-1l-pet-de-aceite-de-oliva-virgen-extra-maeva\/","title":{"rendered":"CAJA 15 BOTELLAS 1L PET DE ACEITE DE OLIVA VIRGEN EXTRA MAEVA"},"content":{"rendered":"","protected":false},"excerpt":{"rendered":"<p>El aceite de oliva virgen extra de Aceites Maeva ha obtenido distintos reconocimientos nacionales gracias a su excelente sabor y calidad.<\/p>\n<p>Ha sido galardonada con el Premio Sabor del A\u00f1o 2020, un premio que se basa en las opiniones de los consumidores acerca de distintos AOVES. Esto ha ayudado a resaltar a\u00fan m\u00e1s las cualidades de este jugo de aceituna de gran calidad.<\/p>\n<p>Adem\u00e1s gracias a los m\u00e1s de 20 a\u00f1os de colaboraci\u00f3n con Carrefour nuestro aove ha sido nombrado recientemente por la OCU\u00a0como compra maestra por su relaci\u00f3n calidad precio en su formato PET 1L.<\/p>\n<p><em>*Fecha caducidad entre 9 y 6 meses<\/em><\/p>\n","protected":false},"featured_media":83411,"comment_status":"closed","ping_status":"closed","template":"","meta":[],"product_brand":[],"product_cat":[115],"product_tag":[],"class_list":{"0":"post-81260","1":"product","2":"type-product","3":"status-publish","4":"has-post-thumbnail","6":"product_cat-pet","8":"first","9":"instock","10":"taxable","11":"shipping-taxable","12":"purchasable","13":"product-type-simple"},"yoast_head":"<!-- This site is optimized with the Yoast SEO plugin v27.4 - https:\/\/yoast.com\/product\/yoast-seo-wordpress\/ -->\n<title>BOTELLAS 1L ACEITE DE OLIVA VIRGEN EXTRA MAEVA - Aceites Maeva<\/title>\n<meta name=\"description\" content=\"Aceite de oliva virgen extra de Aceites Maeva ha obtenido distintos reconocimientos nacionales gracias a su excelente sabor y calidad.\" \/>\n<meta name=\"robots\" content=\"index, follow, max-snippet:-1, max-image-preview:large, max-video-preview:-1\" \/>\n<link rel=\"canonical\" href=\"https:\/\/aceitesmaeva.com\/fr\/producto\/caja-15-botellas-1l-pet-de-aceite-de-oliva-virgen-extra-maeva\/\" \/>\n<meta property=\"og:locale\" content=\"fr_FR\" \/>\n<meta property=\"og:type\" content=\"article\" \/>\n<meta property=\"og:title\" content=\"BOTELLAS 1L ACEITE DE OLIVA VIRGEN EXTRA MAEVA - Aceites Maeva\" \/>\n<meta property=\"og:description\" content=\"Aceite de oliva virgen extra de Aceites Maeva ha obtenido distintos reconocimientos nacionales gracias a su excelente sabor y calidad.\" \/>\n<meta property=\"og:url\" content=\"https:\/\/aceitesmaeva.com\/fr\/producto\/caja-15-botellas-1l-pet-de-aceite-de-oliva-virgen-extra-maeva\/\" \/>\n<meta property=\"og:site_name\" content=\"Aceites Maeva\" \/>\n<meta property=\"article:modified_time\" content=\"2025-09-09T07:15:43+00:00\" \/>\n<meta property=\"og:image\" content=\"https:\/\/aceitesmaeva.com\/wp-content\/uploads\/2022\/10\/caja-1L-1.png\" \/>\n\t<meta property=\"og:image:width\" content=\"800\" \/>\n\t<meta property=\"og:image:height\" content=\"800\" \/>\n\t<meta property=\"og:image:type\" content=\"image\/png\" \/>\n<meta name=\"twitter:card\" content=\"summary_large_image\" \/>\n<script type=\"application\/ld+json\" class=\"yoast-schema-graph\">{\"@context\":\"https:\\\/\\\/schema.org\",\"@graph\":[{\"@type\":\"WebPage\",\"@id\":\"https:\\\/\\\/aceitesmaeva.com\\\/fr\\\/producto\\\/caja-15-botellas-1l-pet-de-aceite-de-oliva-virgen-extra-maeva\\\/\",\"url\":\"https:\\\/\\\/aceitesmaeva.com\\\/fr\\\/producto\\\/caja-15-botellas-1l-pet-de-aceite-de-oliva-virgen-extra-maeva\\\/\",\"name\":\"BOTELLAS 1L ACEITE DE OLIVA VIRGEN EXTRA MAEVA - Aceites Maeva\",\"isPartOf\":{\"@id\":\"https:\\\/\\\/aceitesmaeva.com\\\/fr\\\/#website\"},\"primaryImageOfPage\":{\"@id\":\"https:\\\/\\\/aceitesmaeva.com\\\/fr\\\/producto\\\/caja-15-botellas-1l-pet-de-aceite-de-oliva-virgen-extra-maeva\\\/#primaryimage\"},\"image\":{\"@id\":\"https:\\\/\\\/aceitesmaeva.com\\\/fr\\\/producto\\\/caja-15-botellas-1l-pet-de-aceite-de-oliva-virgen-extra-maeva\\\/#primaryimage\"},\"thumbnailUrl\":\"https:\\\/\\\/aceitesmaeva.com\\\/wp-content\\\/uploads\\\/2022\\\/10\\\/caja-1L-1.png\",\"datePublished\":\"2022-10-07T07:15:56+00:00\",\"dateModified\":\"2025-09-09T07:15:43+00:00\",\"description\":\"Aceite de oliva virgen extra de Aceites Maeva ha obtenido distintos reconocimientos nacionales gracias a su excelente sabor y calidad.\",\"breadcrumb\":{\"@id\":\"https:\\\/\\\/aceitesmaeva.com\\\/fr\\\/producto\\\/caja-15-botellas-1l-pet-de-aceite-de-oliva-virgen-extra-maeva\\\/#breadcrumb\"},\"inLanguage\":\"fr-FR\",\"potentialAction\":[{\"@type\":\"ReadAction\",\"target\":[\"https:\\\/\\\/aceitesmaeva.com\\\/fr\\\/producto\\\/caja-15-botellas-1l-pet-de-aceite-de-oliva-virgen-extra-maeva\\\/\"]}]},{\"@type\":\"ImageObject\",\"inLanguage\":\"fr-FR\",\"@id\":\"https:\\\/\\\/aceitesmaeva.com\\\/fr\\\/producto\\\/caja-15-botellas-1l-pet-de-aceite-de-oliva-virgen-extra-maeva\\\/#primaryimage\",\"url\":\"https:\\\/\\\/aceitesmaeva.com\\\/wp-content\\\/uploads\\\/2022\\\/10\\\/caja-1L-1.png\",\"contentUrl\":\"https:\\\/\\\/aceitesmaeva.com\\\/wp-content\\\/uploads\\\/2022\\\/10\\\/caja-1L-1.png\",\"width\":800,\"height\":800,\"caption\":\"caja 15x1 aceite maeva\"},{\"@type\":\"BreadcrumbList\",\"@id\":\"https:\\\/\\\/aceitesmaeva.com\\\/fr\\\/producto\\\/caja-15-botellas-1l-pet-de-aceite-de-oliva-virgen-extra-maeva\\\/#breadcrumb\",\"itemListElement\":[{\"@type\":\"ListItem\",\"position\":1,\"name\":\"Portada\",\"item\":\"https:\\\/\\\/aceitesmaeva.com\\\/fr\\\/\"},{\"@type\":\"ListItem\",\"position\":2,\"name\":\"Tienda\",\"item\":\"https:\\\/\\\/aceitesmaeva.com\\\/?page_id=81245\"},{\"@type\":\"ListItem\",\"position\":3,\"name\":\"CAJA 15 BOTELLAS 1L PET DE ACEITE DE OLIVA VIRGEN EXTRA MAEVA\"}]},{\"@type\":\"WebSite\",\"@id\":\"https:\\\/\\\/aceitesmaeva.com\\\/fr\\\/#website\",\"url\":\"https:\\\/\\\/aceitesmaeva.com\\\/fr\\\/\",\"name\":\"Aceites Maeva\",\"description\":\"Aceite de Oliva Virgen Extra\",\"potentialAction\":[{\"@type\":\"SearchAction\",\"target\":{\"@type\":\"EntryPoint\",\"urlTemplate\":\"https:\\\/\\\/aceitesmaeva.com\\\/fr\\\/?s={search_term_string}\"},\"query-input\":{\"@type\":\"PropertyValueSpecification\",\"valueRequired\":true,\"valueName\":\"search_term_string\"}}],\"inLanguage\":\"fr-FR\"}]}<\/script>\n<!-- \/ Yoast SEO plugin. -->","yoast_head_json":{"title":"BOTELLAS 1L ACEITE DE OLIVA VIRGEN EXTRA MAEVA - Aceites Maeva","description":"Aceite de oliva virgen extra de Aceites Maeva ha obtenido distintos reconocimientos nacionales gracias a su excelente sabor y calidad.","robots":{"index":"index","follow":"follow","max-snippet":"max-snippet:-1","max-image-preview":"max-image-preview:large","max-video-preview":"max-video-preview:-1"},"canonical":"https:\/\/aceitesmaeva.com\/fr\/producto\/caja-15-botellas-1l-pet-de-aceite-de-oliva-virgen-extra-maeva\/","og_locale":"fr_FR","og_type":"article","og_title":"BOTELLAS 1L ACEITE DE OLIVA VIRGEN EXTRA MAEVA - Aceites Maeva","og_description":"Aceite de oliva virgen extra de Aceites Maeva ha obtenido distintos reconocimientos nacionales gracias a su excelente sabor y calidad.","og_url":"https:\/\/aceitesmaeva.com\/fr\/producto\/caja-15-botellas-1l-pet-de-aceite-de-oliva-virgen-extra-maeva\/","og_site_name":"Aceites Maeva","article_modified_time":"2025-09-09T07:15:43+00:00","og_image":[{"width":800,"height":800,"url":"https:\/\/aceitesmaeva.com\/wp-content\/uploads\/2022\/10\/caja-1L-1.png","type":"image\/png"}],"twitter_card":"summary_large_image","schema":{"@context":"https:\/\/schema.org","@graph":[{"@type":"WebPage","@id":"https:\/\/aceitesmaeva.com\/fr\/producto\/caja-15-botellas-1l-pet-de-aceite-de-oliva-virgen-extra-maeva\/","url":"https:\/\/aceitesmaeva.com\/fr\/producto\/caja-15-botellas-1l-pet-de-aceite-de-oliva-virgen-extra-maeva\/","name":"BOTELLAS 1L ACEITE DE OLIVA VIRGEN EXTRA MAEVA - Aceites Maeva","isPartOf":{"@id":"https:\/\/aceitesmaeva.com\/fr\/#website"},"primaryImageOfPage":{"@id":"https:\/\/aceitesmaeva.com\/fr\/producto\/caja-15-botellas-1l-pet-de-aceite-de-oliva-virgen-extra-maeva\/#primaryimage"},"image":{"@id":"https:\/\/aceitesmaeva.com\/fr\/producto\/caja-15-botellas-1l-pet-de-aceite-de-oliva-virgen-extra-maeva\/#primaryimage"},"thumbnailUrl":"https:\/\/aceitesmaeva.com\/wp-content\/uploads\/2022\/10\/caja-1L-1.png","datePublished":"2022-10-07T07:15:56+00:00","dateModified":"2025-09-09T07:15:43+00:00","description":"Aceite de oliva virgen extra de Aceites Maeva ha obtenido distintos reconocimientos nacionales gracias a su excelente sabor y calidad.","breadcrumb":{"@id":"https:\/\/aceitesmaeva.com\/fr\/producto\/caja-15-botellas-1l-pet-de-aceite-de-oliva-virgen-extra-maeva\/#breadcrumb"},"inLanguage":"fr-FR","potentialAction":[{"@type":"ReadAction","target":["https:\/\/aceitesmaeva.com\/fr\/producto\/caja-15-botellas-1l-pet-de-aceite-de-oliva-virgen-extra-maeva\/"]}]},{"@type":"ImageObject","inLanguage":"fr-FR","@id":"https:\/\/aceitesmaeva.com\/fr\/producto\/caja-15-botellas-1l-pet-de-aceite-de-oliva-virgen-extra-maeva\/#primaryimage","url":"https:\/\/aceitesmaeva.com\/wp-content\/uploads\/2022\/10\/caja-1L-1.png","contentUrl":"https:\/\/aceitesmaeva.com\/wp-content\/uploads\/2022\/10\/caja-1L-1.png","width":800,"height":800,"caption":"caja 15x1 aceite maeva"},{"@type":"BreadcrumbList","@id":"https:\/\/aceitesmaeva.com\/fr\/producto\/caja-15-botellas-1l-pet-de-aceite-de-oliva-virgen-extra-maeva\/#breadcrumb","itemListElement":[{"@type":"ListItem","position":1,"name":"Portada","item":"https:\/\/aceitesmaeva.com\/fr\/"},{"@type":"ListItem","position":2,"name":"Tienda","item":"https:\/\/aceitesmaeva.com\/?page_id=81245"},{"@type":"ListItem","position":3,"name":"CAJA 15 BOTELLAS 1L PET DE ACEITE DE OLIVA VIRGEN EXTRA MAEVA"}]},{"@type":"WebSite","@id":"https:\/\/aceitesmaeva.com\/fr\/#website","url":"https:\/\/aceitesmaeva.com\/fr\/","name":"Aceites Maeva","description":"Aceite de Oliva Virgen Extra","potentialAction":[{"@type":"SearchAction","target":{"@type":"EntryPoint","urlTemplate":"https:\/\/aceitesmaeva.com\/fr\/?s={search_term_string}"},"query-input":{"@type":"PropertyValueSpecification","valueRequired":true,"valueName":"search_term_string"}}],"inLanguage":"fr-FR"}]}},"_links":{"self":[{"href":"https:\/\/aceitesmaeva.com\/fr\/wp-json\/wp\/v2\/product\/81260","targetHints":{"allow":["GET"]}}],"collection":[{"href":"https:\/\/aceitesmaeva.com\/fr\/wp-json\/wp\/v2\/product"}],"about":[{"href":"https:\/\/aceitesmaeva.com\/fr\/wp-json\/wp\/v2\/types\/product"}],"replies":[{"embeddable":true,"href":"https:\/\/aceitesmaeva.com\/fr\/wp-json\/wp\/v2\/comments?post=81260"}],"wp:featuredmedia":[{"embeddable":true,"href":"https:\/\/aceitesmaeva.com\/fr\/wp-json\/wp\/v2\/media\/83411"}],"wp:attachment":[{"href":"https:\/\/aceitesmaeva.com\/fr\/wp-json\/wp\/v2\/media?parent=81260"}],"wp:term":[{"taxonomy":"product_brand","embeddable":true,"href":"https:\/\/aceitesmaeva.com\/fr\/wp-json\/wp\/v2\/product_brand?post=81260"},{"taxonomy":"product_cat","embeddable":true,"href":"https:\/\/aceitesmaeva.com\/fr\/wp-json\/wp\/v2\/product_cat?post=81260"},{"taxonomy":"product_tag","embeddable":true,"href":"https:\/\/aceitesmaeva.com\/fr\/wp-json\/wp\/v2\/product_tag?post=81260"}],"curies":[{"name":"wp","href":"https:\/\/api.w.org\/{rel}","templated":true}]}}