{"id":81252,"date":"2022-10-10T11:02:06","date_gmt":"2022-10-10T11:02:06","guid":{"rendered":"https:\/\/aceitesmaeva.com\/?post_type=product&#038;p=81252"},"modified":"2025-05-12T12:23:27","modified_gmt":"2025-05-12T12:23:27","slug":"caja-12-sprays-de-aceite-de-oliva-sabor-wasabi","status":"publish","type":"product","link":"https:\/\/aceitesmaeva.com\/fr\/producto\/caja-12-sprays-de-aceite-de-oliva-sabor-wasabi\/","title":{"rendered":"CAJA 12 SPRAYS DE ACEITE DE OLIVA SABOR WASABI"},"content":{"rendered":"","protected":false},"excerpt":{"rendered":"<p>Spray 200ml x 12<br \/>\nAceite de oliva con aroma a wasabi en spray.<\/p>\n<p>Nuestro spray de AOVE con aroma sabor wasabi est\u00e1 hecho con aceite de oliva virgen extra de excelente calidad consiguiendo as\u00ed un producto innovador y muy vers\u00e1til ideal para dar a tus platos un toque de personalidad y un sabor natural.<\/p>\n<p>Dise\u00f1ados con nuestra sistema <strong>bag on valve<\/strong> sin utilizar ning\u00fan tipo de gases, solo aire a presi\u00f3n, consiguiendo que el aove mantenga todas sus propiedades intactas, aislado de la luz y sin perder el sabor m\u00e1s puro.<\/p>\n<p>\u00dasalo para aderezar tus platos orientales, noodles, sushi, carnes y pescados.<\/p>\n","protected":false},"featured_media":83240,"comment_status":"closed","ping_status":"closed","template":"","meta":[],"product_brand":[],"product_cat":[114],"product_tag":[],"class_list":{"0":"post-81252","1":"product","2":"type-product","3":"status-publish","4":"has-post-thumbnail","6":"product_cat-spray","8":"first","9":"instock","10":"taxable","11":"shipping-taxable","12":"purchasable","13":"product-type-simple"},"yoast_head":"<!-- This site is optimized with the Yoast SEO plugin v27.4 - https:\/\/yoast.com\/product\/yoast-seo-wordpress\/ -->\n<title>SPRAYS DE ACEITE DE OLIVA SABOR WASABI - Aceites Maeva<\/title>\n<meta name=\"description\" content=\"Spray de AOVE con aroma sabor wasabi est\u00e1 hecho con aceite de oliva virgen extra de excelente calidad consiguiendo as\u00ed un producto innovador y muy vers\u00e1til\" \/>\n<meta name=\"robots\" content=\"index, follow, max-snippet:-1, max-image-preview:large, max-video-preview:-1\" \/>\n<link rel=\"canonical\" href=\"https:\/\/aceitesmaeva.com\/fr\/producto\/caja-12-sprays-de-aceite-de-oliva-sabor-wasabi\/\" \/>\n<meta property=\"og:locale\" content=\"fr_FR\" \/>\n<meta property=\"og:type\" content=\"article\" \/>\n<meta property=\"og:title\" content=\"SPRAYS DE ACEITE DE OLIVA SABOR WASABI - Aceites Maeva\" \/>\n<meta property=\"og:description\" content=\"Spray de AOVE con aroma sabor wasabi est\u00e1 hecho con aceite de oliva virgen extra de excelente calidad consiguiendo as\u00ed un producto innovador y muy vers\u00e1til\" \/>\n<meta property=\"og:url\" content=\"https:\/\/aceitesmaeva.com\/fr\/producto\/caja-12-sprays-de-aceite-de-oliva-sabor-wasabi\/\" \/>\n<meta property=\"og:site_name\" content=\"Aceites Maeva\" \/>\n<meta property=\"article:modified_time\" content=\"2025-05-12T12:23:27+00:00\" \/>\n<meta property=\"og:image\" content=\"https:\/\/aceitesmaeva.com\/wp-content\/uploads\/2022\/10\/wasabi.jpg\" \/>\n\t<meta property=\"og:image:width\" content=\"800\" \/>\n\t<meta property=\"og:image:height\" content=\"800\" \/>\n\t<meta property=\"og:image:type\" content=\"image\/jpeg\" \/>\n<meta name=\"twitter:card\" content=\"summary_large_image\" \/>\n<script type=\"application\/ld+json\" class=\"yoast-schema-graph\">{\"@context\":\"https:\\\/\\\/schema.org\",\"@graph\":[{\"@type\":\"WebPage\",\"@id\":\"https:\\\/\\\/aceitesmaeva.com\\\/fr\\\/producto\\\/caja-12-sprays-de-aceite-de-oliva-sabor-wasabi\\\/\",\"url\":\"https:\\\/\\\/aceitesmaeva.com\\\/fr\\\/producto\\\/caja-12-sprays-de-aceite-de-oliva-sabor-wasabi\\\/\",\"name\":\"SPRAYS DE ACEITE DE OLIVA SABOR WASABI - Aceites Maeva\",\"isPartOf\":{\"@id\":\"https:\\\/\\\/aceitesmaeva.com\\\/fr\\\/#website\"},\"primaryImageOfPage\":{\"@id\":\"https:\\\/\\\/aceitesmaeva.com\\\/fr\\\/producto\\\/caja-12-sprays-de-aceite-de-oliva-sabor-wasabi\\\/#primaryimage\"},\"image\":{\"@id\":\"https:\\\/\\\/aceitesmaeva.com\\\/fr\\\/producto\\\/caja-12-sprays-de-aceite-de-oliva-sabor-wasabi\\\/#primaryimage\"},\"thumbnailUrl\":\"https:\\\/\\\/aceitesmaeva.com\\\/wp-content\\\/uploads\\\/2022\\\/10\\\/wasabi.jpg\",\"datePublished\":\"2022-10-10T11:02:06+00:00\",\"dateModified\":\"2025-05-12T12:23:27+00:00\",\"description\":\"Spray de AOVE con aroma sabor wasabi est\u00e1 hecho con aceite de oliva virgen extra de excelente calidad consiguiendo as\u00ed un producto innovador y muy vers\u00e1til\",\"breadcrumb\":{\"@id\":\"https:\\\/\\\/aceitesmaeva.com\\\/fr\\\/producto\\\/caja-12-sprays-de-aceite-de-oliva-sabor-wasabi\\\/#breadcrumb\"},\"inLanguage\":\"fr-FR\",\"potentialAction\":[{\"@type\":\"ReadAction\",\"target\":[\"https:\\\/\\\/aceitesmaeva.com\\\/fr\\\/producto\\\/caja-12-sprays-de-aceite-de-oliva-sabor-wasabi\\\/\"]}]},{\"@type\":\"ImageObject\",\"inLanguage\":\"fr-FR\",\"@id\":\"https:\\\/\\\/aceitesmaeva.com\\\/fr\\\/producto\\\/caja-12-sprays-de-aceite-de-oliva-sabor-wasabi\\\/#primaryimage\",\"url\":\"https:\\\/\\\/aceitesmaeva.com\\\/wp-content\\\/uploads\\\/2022\\\/10\\\/wasabi.jpg\",\"contentUrl\":\"https:\\\/\\\/aceitesmaeva.com\\\/wp-content\\\/uploads\\\/2022\\\/10\\\/wasabi.jpg\",\"width\":800,\"height\":800,\"caption\":\"spray aove wasabi\"},{\"@type\":\"BreadcrumbList\",\"@id\":\"https:\\\/\\\/aceitesmaeva.com\\\/fr\\\/producto\\\/caja-12-sprays-de-aceite-de-oliva-sabor-wasabi\\\/#breadcrumb\",\"itemListElement\":[{\"@type\":\"ListItem\",\"position\":1,\"name\":\"Portada\",\"item\":\"https:\\\/\\\/aceitesmaeva.com\\\/fr\\\/\"},{\"@type\":\"ListItem\",\"position\":2,\"name\":\"Tienda\",\"item\":\"https:\\\/\\\/aceitesmaeva.com\\\/?page_id=81245\"},{\"@type\":\"ListItem\",\"position\":3,\"name\":\"CAJA 12 SPRAYS DE ACEITE DE OLIVA SABOR WASABI\"}]},{\"@type\":\"WebSite\",\"@id\":\"https:\\\/\\\/aceitesmaeva.com\\\/fr\\\/#website\",\"url\":\"https:\\\/\\\/aceitesmaeva.com\\\/fr\\\/\",\"name\":\"Aceites Maeva\",\"description\":\"Aceite de Oliva Virgen Extra\",\"potentialAction\":[{\"@type\":\"SearchAction\",\"target\":{\"@type\":\"EntryPoint\",\"urlTemplate\":\"https:\\\/\\\/aceitesmaeva.com\\\/fr\\\/?s={search_term_string}\"},\"query-input\":{\"@type\":\"PropertyValueSpecification\",\"valueRequired\":true,\"valueName\":\"search_term_string\"}}],\"inLanguage\":\"fr-FR\"}]}<\/script>\n<!-- \/ Yoast SEO plugin. -->","yoast_head_json":{"title":"SPRAYS DE ACEITE DE OLIVA SABOR WASABI - Aceites Maeva","description":"Spray de AOVE con aroma sabor wasabi est\u00e1 hecho con aceite de oliva virgen extra de excelente calidad consiguiendo as\u00ed un producto innovador y muy vers\u00e1til","robots":{"index":"index","follow":"follow","max-snippet":"max-snippet:-1","max-image-preview":"max-image-preview:large","max-video-preview":"max-video-preview:-1"},"canonical":"https:\/\/aceitesmaeva.com\/fr\/producto\/caja-12-sprays-de-aceite-de-oliva-sabor-wasabi\/","og_locale":"fr_FR","og_type":"article","og_title":"SPRAYS DE ACEITE DE OLIVA SABOR WASABI - Aceites Maeva","og_description":"Spray de AOVE con aroma sabor wasabi est\u00e1 hecho con aceite de oliva virgen extra de excelente calidad consiguiendo as\u00ed un producto innovador y muy vers\u00e1til","og_url":"https:\/\/aceitesmaeva.com\/fr\/producto\/caja-12-sprays-de-aceite-de-oliva-sabor-wasabi\/","og_site_name":"Aceites Maeva","article_modified_time":"2025-05-12T12:23:27+00:00","og_image":[{"width":800,"height":800,"url":"https:\/\/aceitesmaeva.com\/wp-content\/uploads\/2022\/10\/wasabi.jpg","type":"image\/jpeg"}],"twitter_card":"summary_large_image","schema":{"@context":"https:\/\/schema.org","@graph":[{"@type":"WebPage","@id":"https:\/\/aceitesmaeva.com\/fr\/producto\/caja-12-sprays-de-aceite-de-oliva-sabor-wasabi\/","url":"https:\/\/aceitesmaeva.com\/fr\/producto\/caja-12-sprays-de-aceite-de-oliva-sabor-wasabi\/","name":"SPRAYS DE ACEITE DE OLIVA SABOR WASABI - Aceites Maeva","isPartOf":{"@id":"https:\/\/aceitesmaeva.com\/fr\/#website"},"primaryImageOfPage":{"@id":"https:\/\/aceitesmaeva.com\/fr\/producto\/caja-12-sprays-de-aceite-de-oliva-sabor-wasabi\/#primaryimage"},"image":{"@id":"https:\/\/aceitesmaeva.com\/fr\/producto\/caja-12-sprays-de-aceite-de-oliva-sabor-wasabi\/#primaryimage"},"thumbnailUrl":"https:\/\/aceitesmaeva.com\/wp-content\/uploads\/2022\/10\/wasabi.jpg","datePublished":"2022-10-10T11:02:06+00:00","dateModified":"2025-05-12T12:23:27+00:00","description":"Spray de AOVE con aroma sabor wasabi est\u00e1 hecho con aceite de oliva virgen extra de excelente calidad consiguiendo as\u00ed un producto innovador y muy vers\u00e1til","breadcrumb":{"@id":"https:\/\/aceitesmaeva.com\/fr\/producto\/caja-12-sprays-de-aceite-de-oliva-sabor-wasabi\/#breadcrumb"},"inLanguage":"fr-FR","potentialAction":[{"@type":"ReadAction","target":["https:\/\/aceitesmaeva.com\/fr\/producto\/caja-12-sprays-de-aceite-de-oliva-sabor-wasabi\/"]}]},{"@type":"ImageObject","inLanguage":"fr-FR","@id":"https:\/\/aceitesmaeva.com\/fr\/producto\/caja-12-sprays-de-aceite-de-oliva-sabor-wasabi\/#primaryimage","url":"https:\/\/aceitesmaeva.com\/wp-content\/uploads\/2022\/10\/wasabi.jpg","contentUrl":"https:\/\/aceitesmaeva.com\/wp-content\/uploads\/2022\/10\/wasabi.jpg","width":800,"height":800,"caption":"spray aove wasabi"},{"@type":"BreadcrumbList","@id":"https:\/\/aceitesmaeva.com\/fr\/producto\/caja-12-sprays-de-aceite-de-oliva-sabor-wasabi\/#breadcrumb","itemListElement":[{"@type":"ListItem","position":1,"name":"Portada","item":"https:\/\/aceitesmaeva.com\/fr\/"},{"@type":"ListItem","position":2,"name":"Tienda","item":"https:\/\/aceitesmaeva.com\/?page_id=81245"},{"@type":"ListItem","position":3,"name":"CAJA 12 SPRAYS DE ACEITE DE OLIVA SABOR WASABI"}]},{"@type":"WebSite","@id":"https:\/\/aceitesmaeva.com\/fr\/#website","url":"https:\/\/aceitesmaeva.com\/fr\/","name":"Aceites Maeva","description":"Aceite de Oliva Virgen Extra","potentialAction":[{"@type":"SearchAction","target":{"@type":"EntryPoint","urlTemplate":"https:\/\/aceitesmaeva.com\/fr\/?s={search_term_string}"},"query-input":{"@type":"PropertyValueSpecification","valueRequired":true,"valueName":"search_term_string"}}],"inLanguage":"fr-FR"}]}},"_links":{"self":[{"href":"https:\/\/aceitesmaeva.com\/fr\/wp-json\/wp\/v2\/product\/81252","targetHints":{"allow":["GET"]}}],"collection":[{"href":"https:\/\/aceitesmaeva.com\/fr\/wp-json\/wp\/v2\/product"}],"about":[{"href":"https:\/\/aceitesmaeva.com\/fr\/wp-json\/wp\/v2\/types\/product"}],"replies":[{"embeddable":true,"href":"https:\/\/aceitesmaeva.com\/fr\/wp-json\/wp\/v2\/comments?post=81252"}],"wp:featuredmedia":[{"embeddable":true,"href":"https:\/\/aceitesmaeva.com\/fr\/wp-json\/wp\/v2\/media\/83240"}],"wp:attachment":[{"href":"https:\/\/aceitesmaeva.com\/fr\/wp-json\/wp\/v2\/media?parent=81252"}],"wp:term":[{"taxonomy":"product_brand","embeddable":true,"href":"https:\/\/aceitesmaeva.com\/fr\/wp-json\/wp\/v2\/product_brand?post=81252"},{"taxonomy":"product_cat","embeddable":true,"href":"https:\/\/aceitesmaeva.com\/fr\/wp-json\/wp\/v2\/product_cat?post=81252"},{"taxonomy":"product_tag","embeddable":true,"href":"https:\/\/aceitesmaeva.com\/fr\/wp-json\/wp\/v2\/product_tag?post=81252"}],"curies":[{"name":"wp","href":"https:\/\/api.w.org\/{rel}","templated":true}]}}