{"id":81251,"date":"2022-10-07T07:23:17","date_gmt":"2022-10-07T07:23:17","guid":{"rendered":"https:\/\/aceitesmaeva.com\/?post_type=product&#038;p=81251"},"modified":"2025-05-12T12:23:46","modified_gmt":"2025-05-12T12:23:46","slug":"caja-12-sprays-de-aceite-de-oliva-sabor-ajo","status":"publish","type":"product","link":"https:\/\/aceitesmaeva.com\/fr\/producto\/caja-12-sprays-de-aceite-de-oliva-sabor-ajo\/","title":{"rendered":"CAJA 12 SPRAYS DE ACEITE DE OLIVA SABOR AJO"},"content":{"rendered":"","protected":false},"excerpt":{"rendered":"<p>Spray 200ml x 12<br \/>\nAceite de oliva con aroma a ajo en spray.<\/p>\n<p>Nuestro spray de AOVE con aroma sabor ajo est\u00e1 hecho con aceite de oliva virgen extra de excelente calidad consiguiendo as\u00ed un producto innovador y muy vers\u00e1til ideal para dar a tus platos un toque de personalidad y un sabor tradicional y natural.<\/p>\n<p>Dise\u00f1ados con nuestra sistema <strong>bag on valve<\/strong> sin utilizar ning\u00fan tipo de gases, solo aire a presi\u00f3n, consiguiendo que el aove mantenga todas sus propiedades intactas, aislado de la luz y sin perder el sabor m\u00e1s puro.<\/p>\n<p>Ideal para cualquier tipo de cocci\u00f3n y ali\u00f1o de ensaladas.<\/p>\n","protected":false},"featured_media":83258,"comment_status":"closed","ping_status":"closed","template":"","meta":[],"product_brand":[],"product_cat":[114],"product_tag":[],"class_list":{"0":"post-81251","1":"product","2":"type-product","3":"status-publish","4":"has-post-thumbnail","6":"product_cat-spray","8":"first","9":"instock","10":"taxable","11":"shipping-taxable","12":"purchasable","13":"product-type-simple"},"yoast_head":"<!-- This site is optimized with the Yoast SEO plugin v27.4 - https:\/\/yoast.com\/product\/yoast-seo-wordpress\/ -->\n<title>CAJA 12 SPRAYS DE ACEITE DE OLIVA SABOR AJO - Aceites Maeva<\/title>\n<meta name=\"robots\" content=\"index, follow, max-snippet:-1, max-image-preview:large, max-video-preview:-1\" \/>\n<link rel=\"canonical\" href=\"https:\/\/aceitesmaeva.com\/fr\/producto\/caja-12-sprays-de-aceite-de-oliva-sabor-ajo\/\" \/>\n<meta property=\"og:locale\" content=\"fr_FR\" \/>\n<meta property=\"og:type\" content=\"article\" \/>\n<meta property=\"og:title\" content=\"CAJA 12 SPRAYS DE ACEITE DE OLIVA SABOR AJO - Aceites Maeva\" \/>\n<meta property=\"og:description\" content=\"Spray 200ml x 12 Aceite de oliva con aroma a ajo en spray.  Nuestro spray de AOVE con aroma sabor ajo est\u00e1 hecho con aceite de oliva virgen extra de excelente calidad consiguiendo as\u00ed un producto innovador y muy vers\u00e1til ideal para dar a tus platos un toque de personalidad y un sabor tradicional y natural.  Dise\u00f1ados con nuestra sistema bag on valve sin utilizar ning\u00fan tipo de gases, solo aire a presi\u00f3n, consiguiendo que el aove mantenga todas sus propiedades intactas, aislado de la luz y sin perder el sabor m\u00e1s puro.  Ideal para cualquier tipo de cocci\u00f3n y ali\u00f1o de ensaladas.\" \/>\n<meta property=\"og:url\" content=\"https:\/\/aceitesmaeva.com\/fr\/producto\/caja-12-sprays-de-aceite-de-oliva-sabor-ajo\/\" \/>\n<meta property=\"og:site_name\" content=\"Aceites Maeva\" \/>\n<meta property=\"article:modified_time\" content=\"2025-05-12T12:23:46+00:00\" \/>\n<meta property=\"og:image\" content=\"https:\/\/aceitesmaeva.com\/wp-content\/uploads\/2022\/10\/ajo.jpg\" \/>\n\t<meta property=\"og:image:width\" content=\"800\" \/>\n\t<meta property=\"og:image:height\" content=\"800\" \/>\n\t<meta property=\"og:image:type\" content=\"image\/jpeg\" \/>\n<meta name=\"twitter:card\" content=\"summary_large_image\" \/>\n<script type=\"application\/ld+json\" class=\"yoast-schema-graph\">{\"@context\":\"https:\\\/\\\/schema.org\",\"@graph\":[{\"@type\":\"WebPage\",\"@id\":\"https:\\\/\\\/aceitesmaeva.com\\\/fr\\\/producto\\\/caja-12-sprays-de-aceite-de-oliva-sabor-ajo\\\/\",\"url\":\"https:\\\/\\\/aceitesmaeva.com\\\/fr\\\/producto\\\/caja-12-sprays-de-aceite-de-oliva-sabor-ajo\\\/\",\"name\":\"CAJA 12 SPRAYS DE ACEITE DE OLIVA SABOR AJO - Aceites Maeva\",\"isPartOf\":{\"@id\":\"https:\\\/\\\/aceitesmaeva.com\\\/fr\\\/#website\"},\"primaryImageOfPage\":{\"@id\":\"https:\\\/\\\/aceitesmaeva.com\\\/fr\\\/producto\\\/caja-12-sprays-de-aceite-de-oliva-sabor-ajo\\\/#primaryimage\"},\"image\":{\"@id\":\"https:\\\/\\\/aceitesmaeva.com\\\/fr\\\/producto\\\/caja-12-sprays-de-aceite-de-oliva-sabor-ajo\\\/#primaryimage\"},\"thumbnailUrl\":\"https:\\\/\\\/aceitesmaeva.com\\\/wp-content\\\/uploads\\\/2022\\\/10\\\/ajo.jpg\",\"datePublished\":\"2022-10-07T07:23:17+00:00\",\"dateModified\":\"2025-05-12T12:23:46+00:00\",\"breadcrumb\":{\"@id\":\"https:\\\/\\\/aceitesmaeva.com\\\/fr\\\/producto\\\/caja-12-sprays-de-aceite-de-oliva-sabor-ajo\\\/#breadcrumb\"},\"inLanguage\":\"fr-FR\",\"potentialAction\":[{\"@type\":\"ReadAction\",\"target\":[\"https:\\\/\\\/aceitesmaeva.com\\\/fr\\\/producto\\\/caja-12-sprays-de-aceite-de-oliva-sabor-ajo\\\/\"]}]},{\"@type\":\"ImageObject\",\"inLanguage\":\"fr-FR\",\"@id\":\"https:\\\/\\\/aceitesmaeva.com\\\/fr\\\/producto\\\/caja-12-sprays-de-aceite-de-oliva-sabor-ajo\\\/#primaryimage\",\"url\":\"https:\\\/\\\/aceitesmaeva.com\\\/wp-content\\\/uploads\\\/2022\\\/10\\\/ajo.jpg\",\"contentUrl\":\"https:\\\/\\\/aceitesmaeva.com\\\/wp-content\\\/uploads\\\/2022\\\/10\\\/ajo.jpg\",\"width\":800,\"height\":800,\"caption\":\"spray aove ajo\"},{\"@type\":\"BreadcrumbList\",\"@id\":\"https:\\\/\\\/aceitesmaeva.com\\\/fr\\\/producto\\\/caja-12-sprays-de-aceite-de-oliva-sabor-ajo\\\/#breadcrumb\",\"itemListElement\":[{\"@type\":\"ListItem\",\"position\":1,\"name\":\"Portada\",\"item\":\"https:\\\/\\\/aceitesmaeva.com\\\/fr\\\/\"},{\"@type\":\"ListItem\",\"position\":2,\"name\":\"Tienda\",\"item\":\"https:\\\/\\\/aceitesmaeva.com\\\/?page_id=81245\"},{\"@type\":\"ListItem\",\"position\":3,\"name\":\"CAJA 12 SPRAYS DE ACEITE DE OLIVA SABOR AJO\"}]},{\"@type\":\"WebSite\",\"@id\":\"https:\\\/\\\/aceitesmaeva.com\\\/fr\\\/#website\",\"url\":\"https:\\\/\\\/aceitesmaeva.com\\\/fr\\\/\",\"name\":\"Aceites Maeva\",\"description\":\"Aceite de Oliva Virgen Extra\",\"potentialAction\":[{\"@type\":\"SearchAction\",\"target\":{\"@type\":\"EntryPoint\",\"urlTemplate\":\"https:\\\/\\\/aceitesmaeva.com\\\/fr\\\/?s={search_term_string}\"},\"query-input\":{\"@type\":\"PropertyValueSpecification\",\"valueRequired\":true,\"valueName\":\"search_term_string\"}}],\"inLanguage\":\"fr-FR\"}]}<\/script>\n<!-- \/ Yoast SEO plugin. -->","yoast_head_json":{"title":"CAJA 12 SPRAYS DE ACEITE DE OLIVA SABOR AJO - Aceites Maeva","robots":{"index":"index","follow":"follow","max-snippet":"max-snippet:-1","max-image-preview":"max-image-preview:large","max-video-preview":"max-video-preview:-1"},"canonical":"https:\/\/aceitesmaeva.com\/fr\/producto\/caja-12-sprays-de-aceite-de-oliva-sabor-ajo\/","og_locale":"fr_FR","og_type":"article","og_title":"CAJA 12 SPRAYS DE ACEITE DE OLIVA SABOR AJO - Aceites Maeva","og_description":"Spray 200ml x 12 Aceite de oliva con aroma a ajo en spray.  Nuestro spray de AOVE con aroma sabor ajo est\u00e1 hecho con aceite de oliva virgen extra de excelente calidad consiguiendo as\u00ed un producto innovador y muy vers\u00e1til ideal para dar a tus platos un toque de personalidad y un sabor tradicional y natural.  Dise\u00f1ados con nuestra sistema bag on valve sin utilizar ning\u00fan tipo de gases, solo aire a presi\u00f3n, consiguiendo que el aove mantenga todas sus propiedades intactas, aislado de la luz y sin perder el sabor m\u00e1s puro.  Ideal para cualquier tipo de cocci\u00f3n y ali\u00f1o de ensaladas.","og_url":"https:\/\/aceitesmaeva.com\/fr\/producto\/caja-12-sprays-de-aceite-de-oliva-sabor-ajo\/","og_site_name":"Aceites Maeva","article_modified_time":"2025-05-12T12:23:46+00:00","og_image":[{"width":800,"height":800,"url":"https:\/\/aceitesmaeva.com\/wp-content\/uploads\/2022\/10\/ajo.jpg","type":"image\/jpeg"}],"twitter_card":"summary_large_image","schema":{"@context":"https:\/\/schema.org","@graph":[{"@type":"WebPage","@id":"https:\/\/aceitesmaeva.com\/fr\/producto\/caja-12-sprays-de-aceite-de-oliva-sabor-ajo\/","url":"https:\/\/aceitesmaeva.com\/fr\/producto\/caja-12-sprays-de-aceite-de-oliva-sabor-ajo\/","name":"CAJA 12 SPRAYS DE ACEITE DE OLIVA SABOR AJO - Aceites Maeva","isPartOf":{"@id":"https:\/\/aceitesmaeva.com\/fr\/#website"},"primaryImageOfPage":{"@id":"https:\/\/aceitesmaeva.com\/fr\/producto\/caja-12-sprays-de-aceite-de-oliva-sabor-ajo\/#primaryimage"},"image":{"@id":"https:\/\/aceitesmaeva.com\/fr\/producto\/caja-12-sprays-de-aceite-de-oliva-sabor-ajo\/#primaryimage"},"thumbnailUrl":"https:\/\/aceitesmaeva.com\/wp-content\/uploads\/2022\/10\/ajo.jpg","datePublished":"2022-10-07T07:23:17+00:00","dateModified":"2025-05-12T12:23:46+00:00","breadcrumb":{"@id":"https:\/\/aceitesmaeva.com\/fr\/producto\/caja-12-sprays-de-aceite-de-oliva-sabor-ajo\/#breadcrumb"},"inLanguage":"fr-FR","potentialAction":[{"@type":"ReadAction","target":["https:\/\/aceitesmaeva.com\/fr\/producto\/caja-12-sprays-de-aceite-de-oliva-sabor-ajo\/"]}]},{"@type":"ImageObject","inLanguage":"fr-FR","@id":"https:\/\/aceitesmaeva.com\/fr\/producto\/caja-12-sprays-de-aceite-de-oliva-sabor-ajo\/#primaryimage","url":"https:\/\/aceitesmaeva.com\/wp-content\/uploads\/2022\/10\/ajo.jpg","contentUrl":"https:\/\/aceitesmaeva.com\/wp-content\/uploads\/2022\/10\/ajo.jpg","width":800,"height":800,"caption":"spray aove ajo"},{"@type":"BreadcrumbList","@id":"https:\/\/aceitesmaeva.com\/fr\/producto\/caja-12-sprays-de-aceite-de-oliva-sabor-ajo\/#breadcrumb","itemListElement":[{"@type":"ListItem","position":1,"name":"Portada","item":"https:\/\/aceitesmaeva.com\/fr\/"},{"@type":"ListItem","position":2,"name":"Tienda","item":"https:\/\/aceitesmaeva.com\/?page_id=81245"},{"@type":"ListItem","position":3,"name":"CAJA 12 SPRAYS DE ACEITE DE OLIVA SABOR AJO"}]},{"@type":"WebSite","@id":"https:\/\/aceitesmaeva.com\/fr\/#website","url":"https:\/\/aceitesmaeva.com\/fr\/","name":"Aceites Maeva","description":"Aceite de Oliva Virgen Extra","potentialAction":[{"@type":"SearchAction","target":{"@type":"EntryPoint","urlTemplate":"https:\/\/aceitesmaeva.com\/fr\/?s={search_term_string}"},"query-input":{"@type":"PropertyValueSpecification","valueRequired":true,"valueName":"search_term_string"}}],"inLanguage":"fr-FR"}]}},"_links":{"self":[{"href":"https:\/\/aceitesmaeva.com\/fr\/wp-json\/wp\/v2\/product\/81251","targetHints":{"allow":["GET"]}}],"collection":[{"href":"https:\/\/aceitesmaeva.com\/fr\/wp-json\/wp\/v2\/product"}],"about":[{"href":"https:\/\/aceitesmaeva.com\/fr\/wp-json\/wp\/v2\/types\/product"}],"replies":[{"embeddable":true,"href":"https:\/\/aceitesmaeva.com\/fr\/wp-json\/wp\/v2\/comments?post=81251"}],"wp:featuredmedia":[{"embeddable":true,"href":"https:\/\/aceitesmaeva.com\/fr\/wp-json\/wp\/v2\/media\/83258"}],"wp:attachment":[{"href":"https:\/\/aceitesmaeva.com\/fr\/wp-json\/wp\/v2\/media?parent=81251"}],"wp:term":[{"taxonomy":"product_brand","embeddable":true,"href":"https:\/\/aceitesmaeva.com\/fr\/wp-json\/wp\/v2\/product_brand?post=81251"},{"taxonomy":"product_cat","embeddable":true,"href":"https:\/\/aceitesmaeva.com\/fr\/wp-json\/wp\/v2\/product_cat?post=81251"},{"taxonomy":"product_tag","embeddable":true,"href":"https:\/\/aceitesmaeva.com\/fr\/wp-json\/wp\/v2\/product_tag?post=81251"}],"curies":[{"name":"wp","href":"https:\/\/api.w.org\/{rel}","templated":true}]}}