{"id":79521,"date":"2020-02-27T19:18:22","date_gmt":"2020-02-27T19:18:22","guid":{"rendered":"https:\/\/aceitesmaeva.com\/depuis-1930\/"},"modified":"2022-06-25T10:44:19","modified_gmt":"2022-06-25T10:44:19","slug":"depuis-1930","status":"publish","type":"page","link":"https:\/\/aceitesmaeva.com\/fr\/depuis-1930\/","title":{"rendered":"Depuis 1930"},"content":{"rendered":"<div class=\"wpb-content-wrapper\"><p>[vc_row css_animation=\u00a0\u00bb\u00a0\u00bb row_type=\u00a0\u00bbrow\u00a0\u00bb use_row_as_full_screen_section=\u00a0\u00bbno\u00a0\u00bb type=\u00a0\u00bbfull_width\u00a0\u00bb angled_section=\u00a0\u00bbno\u00a0\u00bb text_align=\u00a0\u00bbleft\u00a0\u00bb background_image_as_pattern=\u00a0\u00bbwithout_pattern\u00a0\u00bb z_index=\u00a0\u00bb\u00a0\u00bb css=\u00a0\u00bb.vc_custom_1581962910785{padding: 15px !important;}\u00a0\u00bb][vc_column]<div class=\"qode-workflow  qode-workflow-animate\">\n    <span class=\"main-line\" style=\"background-color:#225d38;\"><\/span>\n    <div class=\"qode-workflow-item\">\n    <span class=\"line\" style=\"background-color:#225d38;\"><\/span>\n    <div class=\"qode-workflow-item-inner \">\n        <div class=\"qode-workflow-image left\">\n            <img loading=\"lazy\" decoding=\"async\" width=\"1024\" height=\"671\" src=\"https:\/\/aceitesmaeva.com\/wp-content\/uploads\/2019\/05\/inicio_actividad.jpg\" class=\"attachment-full size-full\" alt=\"\" srcset=\"https:\/\/aceitesmaeva.com\/wp-content\/uploads\/2019\/05\/inicio_actividad.jpg 1024w, https:\/\/aceitesmaeva.com\/wp-content\/uploads\/2019\/05\/inicio_actividad-600x393.jpg 600w, https:\/\/aceitesmaeva.com\/wp-content\/uploads\/2019\/05\/inicio_actividad-300x197.jpg 300w, https:\/\/aceitesmaeva.com\/wp-content\/uploads\/2019\/05\/inicio_actividad-768x503.jpg 768w, https:\/\/aceitesmaeva.com\/wp-content\/uploads\/2019\/05\/inicio_actividad-700x459.jpg 700w\" sizes=\"auto, (max-width: 1024px) 100vw, 1024px\" \/>        <\/div>\n        <div class=\"qode-workflow-text\">\n            <span class=\"circle\" style=\"border-color:#225d38;background-color:#225d38;\"><\/span>\n                            <h3>1930 Usine de Porcuna<\/h3>\n                                        <h6 class=\"qode-workflow-subtitle\">Debuts d\u00e1ctivite<\/h6>\n                                        <p class=\"text\">\u00c0 Porcuna, Ja\u00e9n, est fond\u00e9 un petit moulin \u00e0 huile dirig\u00e9 par Luis Torres Torres, grand-p\u00e8re de l\u2019actuel directeur d\u00b4Aceites Maeva.  Il s\u2019agit d\u2019un moulin \u00e0 huile industriel qui produit l\u2019huile d\u2019olive \u201cSanto Rostro\u201d et qui r\u00e9pond aux besoins des alentours. Son succ\u00e8s est tel que c\u2019est le d\u00e9but d\u2019une nouvelle \u00e9tape qui se d\u00e9roule hors de l\u00b4Andalousie.<\/p>\n                    <\/div>\n    <\/div>\n<\/div><div class=\"qode-workflow-item\">\n    <span class=\"line\" style=\"background-color:#225d38;\"><\/span>\n    <div class=\"qode-workflow-item-inner reverse\">\n        <div class=\"qode-workflow-image left\">\n            <img loading=\"lazy\" decoding=\"async\" width=\"1024\" height=\"512\" src=\"https:\/\/aceitesmaeva.com\/wp-content\/uploads\/2019\/05\/despacho_madrid.jpg\" class=\"attachment-full size-full\" alt=\"\" srcset=\"https:\/\/aceitesmaeva.com\/wp-content\/uploads\/2019\/05\/despacho_madrid.jpg 1024w, https:\/\/aceitesmaeva.com\/wp-content\/uploads\/2019\/05\/despacho_madrid-600x300.jpg 600w, https:\/\/aceitesmaeva.com\/wp-content\/uploads\/2019\/05\/despacho_madrid-300x150.jpg 300w, https:\/\/aceitesmaeva.com\/wp-content\/uploads\/2019\/05\/despacho_madrid-768x384.jpg 768w, https:\/\/aceitesmaeva.com\/wp-content\/uploads\/2019\/05\/despacho_madrid-1000x500.jpg 1000w, https:\/\/aceitesmaeva.com\/wp-content\/uploads\/2019\/05\/despacho_madrid-700x350.jpg 700w\" sizes=\"auto, (max-width: 1024px) 100vw, 1024px\" \/>        <\/div>\n        <div class=\"qode-workflow-text\">\n            <span class=\"circle\" style=\"border-color:#225d38;background-color:#225d38;\"><\/span>\n                            <h3>1974 Bureau de Madrid<\/h3>\n                                        <h6 class=\"qode-workflow-subtitle\">Internet Commercial a faire connaitre un produit de notre terre<\/h6>\n                                        <p class=\"text\">C'est cela qui m\u00e8ne Juan Francisco Torres Morente, fils du fondateur, \u00e0 ouvrir une petite entreprise sp\u00e9cialis\u00e9e dans la production d\u2019huile en plein coeur de Madrid. Celle-ci dispose du traditionnel syst\u00e8me de manivelle.  Calle del Sombrerete, dans le quartier de Lavapi\u00e9s, se trouve \u201cAceites Santo Rostro Puro de Oliva de Cosechero a Consumidor\u201d. Cet \u00e9tablissement voit d\u00e9filer de longues files de clients qui viennent chercher cette huile d\u2019olive tr\u00e8s appr\u00e9ci\u00e9e. Ces longues queues sont aussi favoris\u00e9es par la nouvelle loi du Conseil des Ministres qui autorise la libert\u00e9 des prix de l\u00b4huile.<\/p>\n                    <\/div>\n    <\/div>\n<\/div><div class=\"qode-workflow-item\">\n    <span class=\"line\" style=\"background-color:#225d38;\"><\/span>\n    <div class=\"qode-workflow-item-inner \">\n        <div class=\"qode-workflow-image left\">\n            <img loading=\"lazy\" decoding=\"async\" width=\"800\" height=\"420\" src=\"https:\/\/aceitesmaeva.com\/wp-content\/uploads\/2019\/05\/desde.png\" class=\"attachment-full size-full\" alt=\"\" srcset=\"https:\/\/aceitesmaeva.com\/wp-content\/uploads\/2019\/05\/desde.png 800w, https:\/\/aceitesmaeva.com\/wp-content\/uploads\/2019\/05\/desde-600x315.png 600w, https:\/\/aceitesmaeva.com\/wp-content\/uploads\/2019\/05\/desde-300x158.png 300w, https:\/\/aceitesmaeva.com\/wp-content\/uploads\/2019\/05\/desde-768x403.png 768w, https:\/\/aceitesmaeva.com\/wp-content\/uploads\/2019\/05\/desde-700x368.png 700w\" sizes=\"auto, (max-width: 800px) 100vw, 800px\" \/>        <\/div>\n        <div class=\"qode-workflow-text\">\n            <span class=\"circle\" style=\"border-color:#225d38;background-color:#225d38;\"><\/span>\n                            <h3>1979 Transfert \u00e0 Granada<\/h3>\n                                        <h6 class=\"qode-workflow-subtitle\">Industrie<\/h6>\n                                        <p class=\"text\">Cette ann\u00e9e-l\u00e0 marque un tournant d\u00e9cisif dans l'histoire de l\u2019entreprise qui, motive par l\u2019accueil tr\u00e8s positif qu\u2019a re\u00e7u son huile, retourne en Andalousie avec Juan Francisco Torres Morente \u00e0 sa t\u00eate.  Une usine est inaugur\u00e9e \u00e0 Albolote ( Grenade ). Celle-ci regroupe les processus de conditionnement et le moulin \u00e0 huile en prenant pour la premi\u00e8re fois le nom de Torres-Morente.<\/p>\n                    <\/div>\n    <\/div>\n<\/div><div class=\"qode-workflow-item\">\n    <span class=\"line\" style=\"background-color:#225d38;\"><\/span>\n    <div class=\"qode-workflow-item-inner reverse\">\n        <div class=\"qode-workflow-image left\">\n            <img loading=\"lazy\" decoding=\"async\" width=\"555\" height=\"355\" src=\"https:\/\/aceitesmaeva.com\/wp-content\/uploads\/2019\/05\/nuevas_generaciones.jpg\" class=\"attachment-full size-full\" alt=\"\" srcset=\"https:\/\/aceitesmaeva.com\/wp-content\/uploads\/2019\/05\/nuevas_generaciones.jpg 555w, https:\/\/aceitesmaeva.com\/wp-content\/uploads\/2019\/05\/nuevas_generaciones-300x192.jpg 300w\" sizes=\"auto, (max-width: 555px) 100vw, 555px\" \/>        <\/div>\n        <div class=\"qode-workflow-text\">\n            <span class=\"circle\" style=\"border-color:#225d38;background-color:#225d38;\"><\/span>\n                            <h3>1990 Troisi\u00e8me g\u00e9n\u00e9ration<\/h3>\n                                        <h6 class=\"qode-workflow-subtitle\">Incorporation de la troisi\u00e8me generation<\/h6>\n                                        <p class=\"text\">\u00c0 cette \u00e9poque, Amalia et Luis Torres-Morente Concha, petits-enfants du fondateur et enfants de Juan, entrent en sc\u00e8ne en apportant un capital humain \u00e0 ce grand projet familial.  Ce sera enduite Luis Torres-Morente Concha qui deviendra l\u2019actuel g\u00e9rant de la soci\u00e9t\u00e9, ouvrant la voie \u00e0 des \u00e9changes internationaux.<\/p>\n                    <\/div>\n    <\/div>\n<\/div><div class=\"qode-workflow-item\">\n    <span class=\"line\" style=\"background-color:#225d38;\"><\/span>\n    <div class=\"qode-workflow-item-inner \">\n        <div class=\"qode-workflow-image left\">\n            <img loading=\"lazy\" decoding=\"async\" width=\"800\" height=\"420\" src=\"https:\/\/aceitesmaeva.com\/wp-content\/uploads\/2020\/02\/exportaciones.jpg\" class=\"attachment-full size-full\" alt=\"\" srcset=\"https:\/\/aceitesmaeva.com\/wp-content\/uploads\/2020\/02\/exportaciones.jpg 800w, https:\/\/aceitesmaeva.com\/wp-content\/uploads\/2020\/02\/exportaciones-600x315.jpg 600w, https:\/\/aceitesmaeva.com\/wp-content\/uploads\/2020\/02\/exportaciones-300x158.jpg 300w, https:\/\/aceitesmaeva.com\/wp-content\/uploads\/2020\/02\/exportaciones-768x403.jpg 768w, https:\/\/aceitesmaeva.com\/wp-content\/uploads\/2020\/02\/exportaciones-700x368.jpg 700w\" sizes=\"auto, (max-width: 800px) 100vw, 800px\" \/>        <\/div>\n        <div class=\"qode-workflow-text\">\n            <span class=\"circle\" style=\"border-color:#225d38;background-color:#225d38;\"><\/span>\n                            <h3>2000 Expansion internationale<\/h3>\n                                        <h6 class=\"qode-workflow-subtitle\">Internationalisation<\/h6>\n                                        <p class=\"text\">Aceites Maeva parie sur l'expansion et l\u2019internalisation, devenant ainsi une r\u00e9f\u00e9rence mondiale parmi les entreprises d\u2019exportation et de distribution.  Cela m\u00e8ne l\u2019entreprise \u00e0 r\u00e9pondre \u00e0 de rigoureux crit\u00e8res de qualit\u00e9 et \u00e0 s\u2019adapter \u00e0 des march\u00e9s tr\u00e8s diff\u00e9rents, en donnant toujours \u00e0 chacune de ses huiles une personnalit\u00e9 bien d\u00e9finie.<\/p>\n                    <\/div>\n    <\/div>\n<\/div><div class=\"qode-workflow-item\">\n    <span class=\"line\" style=\"background-color:#225d38;\"><\/span>\n    <div class=\"qode-workflow-item-inner reverse\">\n        <div class=\"qode-workflow-image left\">\n            <img loading=\"lazy\" decoding=\"async\" width=\"1340\" height=\"1000\" src=\"https:\/\/aceitesmaeva.com\/wp-content\/uploads\/2020\/02\/2019-Bodegon-Sprays.jpg\" class=\"attachment-full size-full\" alt=\"\" srcset=\"https:\/\/aceitesmaeva.com\/wp-content\/uploads\/2020\/02\/2019-Bodegon-Sprays.jpg 1340w, https:\/\/aceitesmaeva.com\/wp-content\/uploads\/2020\/02\/2019-Bodegon-Sprays-600x448.jpg 600w, https:\/\/aceitesmaeva.com\/wp-content\/uploads\/2020\/02\/2019-Bodegon-Sprays-300x224.jpg 300w, https:\/\/aceitesmaeva.com\/wp-content\/uploads\/2020\/02\/2019-Bodegon-Sprays-1024x764.jpg 1024w, https:\/\/aceitesmaeva.com\/wp-content\/uploads\/2020\/02\/2019-Bodegon-Sprays-768x573.jpg 768w, https:\/\/aceitesmaeva.com\/wp-content\/uploads\/2020\/02\/2019-Bodegon-Sprays-700x522.jpg 700w\" sizes=\"auto, (max-width: 1340px) 100vw, 1340px\" \/>        <\/div>\n        <div class=\"qode-workflow-text\">\n            <span class=\"circle\" style=\"border-color:#225d38;background-color:#225d38;\"><\/span>\n                            <h3>2002 Formats r\u00e9volutionnaires<\/h3>\n                                        <h6 class=\"qode-workflow-subtitle\">Innovation<\/h6>\n                                        <p class=\"text\">De nouveaux embouteillages apparaissent, comme le r\u00e9volutionnaire format en spray et son syst\u00e8me \u201c Bag on Valve \u201c qui respecte les caract\u00e9ristiques de l\u2019huile d\u2019olive entra vierge, car elle est conditionn\u00e9e sous pression, et sans gaz ni CFC.  Son design soign\u00e9, sa qualit\u00e9 et les mat\u00e9riaux utilis\u00e9s ont permis \u00e0 ce produit de gagner de l\u2019importance ann\u00e9e apr\u00e8s ann\u00e9e, ainsi que de proposer une plus ample vari\u00e9t\u00e9 de choix. Nous offrons aujourd\u2019hui des huiles d\u2019olive extra vierge biologiques, avec un go\u00fbt jalape\u00f1o, wasabi, ail, barbecue, curry, truffe , en plus de l\u2019huile d\u2019olive extra vierge et vinaigre balsamique.<\/p>\n                    <\/div>\n    <\/div>\n<\/div><div class=\"qode-workflow-item\">\n    <span class=\"line\" style=\"background-color:#225d38;\"><\/span>\n    <div class=\"qode-workflow-item-inner \">\n        <div class=\"qode-workflow-image left\">\n            <img loading=\"lazy\" decoding=\"async\" width=\"800\" height=\"420\" src=\"https:\/\/aceitesmaeva.com\/wp-content\/uploads\/2020\/03\/mexico.jpg\" class=\"attachment-full size-full\" alt=\"\" srcset=\"https:\/\/aceitesmaeva.com\/wp-content\/uploads\/2020\/03\/mexico.jpg 800w, https:\/\/aceitesmaeva.com\/wp-content\/uploads\/2020\/03\/mexico-600x315.jpg 600w, https:\/\/aceitesmaeva.com\/wp-content\/uploads\/2020\/03\/mexico-300x158.jpg 300w, https:\/\/aceitesmaeva.com\/wp-content\/uploads\/2020\/03\/mexico-768x403.jpg 768w, https:\/\/aceitesmaeva.com\/wp-content\/uploads\/2020\/03\/mexico-700x368.jpg 700w\" sizes=\"auto, (max-width: 800px) 100vw, 800px\" \/>        <\/div>\n        <div class=\"qode-workflow-text\">\n            <span class=\"circle\" style=\"border-color:#225d38;background-color:#225d38;\"><\/span>\n                            <h3>2006 Primi\u00e8re usine d&#039;embouteillage au Mexique<\/h3>\n                                        <h6 class=\"qode-workflow-subtitle\">Machine d&#039;emballage<\/h6>\n                                        <p class=\"text\">Nous avons ouvert la premi\u00e8re usine d'emballage en dehors de l'Espagne, au Mexique, o\u00f9 nous emballons dans diff\u00e9rents formats tels que le verre, l'animal et le spray.<\/p>\n                    <\/div>\n    <\/div>\n<\/div><div class=\"qode-workflow-item\">\n    <span class=\"line\" style=\"background-color:#225d38;\"><\/span>\n    <div class=\"qode-workflow-item-inner reverse\">\n        <div class=\"qode-workflow-image left\">\n            <img loading=\"lazy\" decoding=\"async\" width=\"800\" height=\"420\" src=\"https:\/\/aceitesmaeva.com\/wp-content\/uploads\/2020\/02\/instalaciones.jpeg\" class=\"attachment-full size-full\" alt=\"\" srcset=\"https:\/\/aceitesmaeva.com\/wp-content\/uploads\/2020\/02\/instalaciones.jpeg 800w, https:\/\/aceitesmaeva.com\/wp-content\/uploads\/2020\/02\/instalaciones-600x315.jpeg 600w, https:\/\/aceitesmaeva.com\/wp-content\/uploads\/2020\/02\/instalaciones-300x158.jpeg 300w, https:\/\/aceitesmaeva.com\/wp-content\/uploads\/2020\/02\/instalaciones-768x403.jpeg 768w, https:\/\/aceitesmaeva.com\/wp-content\/uploads\/2020\/02\/instalaciones-700x368.jpeg 700w\" sizes=\"auto, (max-width: 800px) 100vw, 800px\" \/>        <\/div>\n        <div class=\"qode-workflow-text\">\n            <span class=\"circle\" style=\"border-color:#225d38;background-color:#225d38;\"><\/span>\n                            <h3>2008 Installations nouvelles et modernes<\/h3>\n                                        <h6 class=\"qode-workflow-subtitle\">Investissement et nouvelles installations<\/h6>\n                                        <p class=\"text\">En 2008 sont inaugur\u00e9es de nouvelles installations dans le Parc Industriel et Technologique M\u00e9tropolitain d\u00b4Escuzar ( Grenade ). Elles disposent de la technologie la plus avanc\u00e9e du march\u00e9 pour s\u00e9lectionner, broyer et transforme l\u2019olive en huile. Sa capacit\u00e9 de broyage est sup\u00e9rieure \u00e0 50.000 tonnes par an.  En outre, de nouvelles filiales sont ouvertes en France, au Mexique, aux \u00c9tats-Unis et Chine, repoussant encore plus nos fronti\u00e8res et couvrant la demande m\u00eame au niveaux international.<\/p>\n                    <\/div>\n    <\/div>\n<\/div><div class=\"qode-workflow-item\">\n    <span class=\"line\" style=\"background-color:#225d38;\"><\/span>\n    <div class=\"qode-workflow-item-inner \">\n        <div class=\"qode-workflow-image left\">\n            <img loading=\"lazy\" decoding=\"async\" width=\"800\" height=\"420\" src=\"https:\/\/aceitesmaeva.com\/wp-content\/uploads\/2020\/04\/2017-mexico.jpg\" class=\"attachment-full size-full\" alt=\"\" srcset=\"https:\/\/aceitesmaeva.com\/wp-content\/uploads\/2020\/04\/2017-mexico.jpg 800w, https:\/\/aceitesmaeva.com\/wp-content\/uploads\/2020\/04\/2017-mexico-600x315.jpg 600w, https:\/\/aceitesmaeva.com\/wp-content\/uploads\/2020\/04\/2017-mexico-300x158.jpg 300w, https:\/\/aceitesmaeva.com\/wp-content\/uploads\/2020\/04\/2017-mexico-768x403.jpg 768w, https:\/\/aceitesmaeva.com\/wp-content\/uploads\/2020\/04\/2017-mexico-700x368.jpg 700w\" sizes=\"auto, (max-width: 800px) 100vw, 800px\" \/>        <\/div>\n        <div class=\"qode-workflow-text\">\n            <span class=\"circle\" style=\"border-color:#225d38;background-color:#225d38;\"><\/span>\n                            <h3>2017 Nouvelle usine au Mexique<\/h3>\n                                        <h6 class=\"qode-workflow-subtitle\">Usine<\/h6>\n                                        <p class=\"text\">Nous avons d\u00e9m\u00e9ng\u00e9 pour agrandir nos installations dans une zone strategique au nord du M\u00e9xique, le Nuevo Le\u00f3n.<\/p>\n                    <\/div>\n    <\/div>\n<\/div><div class=\"qode-workflow-item\">\n    <span class=\"line\" style=\"background-color:#225d38;\"><\/span>\n    <div class=\"qode-workflow-item-inner reverse\">\n        <div class=\"qode-workflow-image left\">\n            <img loading=\"lazy\" decoding=\"async\" width=\"800\" height=\"420\" src=\"https:\/\/aceitesmaeva.com\/wp-content\/uploads\/2020\/04\/tokyo.jpg\" class=\"attachment-full size-full\" alt=\"\" srcset=\"https:\/\/aceitesmaeva.com\/wp-content\/uploads\/2020\/04\/tokyo.jpg 800w, https:\/\/aceitesmaeva.com\/wp-content\/uploads\/2020\/04\/tokyo-600x315.jpg 600w, https:\/\/aceitesmaeva.com\/wp-content\/uploads\/2020\/04\/tokyo-300x158.jpg 300w, https:\/\/aceitesmaeva.com\/wp-content\/uploads\/2020\/04\/tokyo-768x403.jpg 768w, https:\/\/aceitesmaeva.com\/wp-content\/uploads\/2020\/04\/tokyo-700x368.jpg 700w\" sizes=\"auto, (max-width: 800px) 100vw, 800px\" \/>        <\/div>\n        <div class=\"qode-workflow-text\">\n            <span class=\"circle\" style=\"border-color:#225d38;background-color:#225d38;\"><\/span>\n                            <h3>2019 Bureau au Japon<\/h3>\n                                        <h6 class=\"qode-workflow-subtitle\">Bureau commercial:<\/h6>\n                                        <p class=\"text\">En 2019, nous avons ouvert notre deuxi\u00e8me bureau en Asie pour stimuler notre croissance dans le 5e plus grand pays consommateur d'huile d'olive au monde.<\/p>\n                    <\/div>\n    <\/div>\n<\/div><\/div>[\/vc_column][\/vc_row]<\/p>\n<\/div>","protected":false},"excerpt":{"rendered":"<p>[vc_row css_animation=\u00a0\u00bb\u00a0\u00bb row_type=\u00a0\u00bbrow\u00a0\u00bb use_row_as_full_screen_section=\u00a0\u00bbno\u00a0\u00bb type=\u00a0\u00bbfull_width\u00a0\u00bb angled_section=\u00a0\u00bbno\u00a0\u00bb text_align=\u00a0\u00bbleft\u00a0\u00bb background_image_as_pattern=\u00a0\u00bbwithout_pattern\u00a0\u00bb z_index=\u00a0\u00bb\u00a0\u00bb css=\u00a0\u00bb.vc_custom_1581962910785{padding: 15px !important;}\u00a0\u00bb][vc_column][\/vc_column][\/vc_row]<\/p>\n","protected":false},"author":3,"featured_media":0,"parent":0,"menu_order":0,"comment_status":"closed","ping_status":"closed","template":"full_width.php","meta":{"footnotes":""},"class_list":["post-79521","page","type-page","status-publish","hentry"],"yoast_head":"<!-- This site is optimized with the Yoast SEO plugin v27.4 - https:\/\/yoast.com\/product\/yoast-seo-wordpress\/ -->\n<title>Nuestra historia - Almazara, Aceites Maeva y Torres Morente<\/title>\n<meta name=\"description\" content=\"Aceites Maeva fue fundada en 1930 por Don Luis Torres Torres, como empresa familiar dedicada a la producci\u00f3n y distribuci\u00f3n de aceite de oliva virgen extra\" \/>\n<meta name=\"robots\" content=\"index, follow, max-snippet:-1, max-image-preview:large, max-video-preview:-1\" \/>\n<link rel=\"canonical\" href=\"https:\/\/aceitesmaeva.com\/fr\/depuis-1930\/\" \/>\n<meta property=\"og:locale\" content=\"fr_FR\" \/>\n<meta property=\"og:type\" content=\"article\" \/>\n<meta property=\"og:title\" content=\"Nuestra historia - Almazara, Aceites Maeva y Torres Morente\" \/>\n<meta property=\"og:description\" content=\"Aceites Maeva fue fundada en 1930 por Don Luis Torres Torres, como empresa familiar dedicada a la producci\u00f3n y distribuci\u00f3n de aceite de oliva virgen extra\" \/>\n<meta property=\"og:url\" content=\"https:\/\/aceitesmaeva.com\/fr\/depuis-1930\/\" \/>\n<meta property=\"og:site_name\" content=\"Aceites Maeva\" \/>\n<meta property=\"article:modified_time\" content=\"2022-06-25T10:44:19+00:00\" \/>\n<meta name=\"twitter:card\" content=\"summary_large_image\" \/>\n<meta name=\"twitter:label1\" content=\"Dur\u00e9e de lecture estim\u00e9e\" \/>\n\t<meta name=\"twitter:data1\" content=\"5 minutes\" \/>\n<script type=\"application\/ld+json\" class=\"yoast-schema-graph\">{\"@context\":\"https:\\\/\\\/schema.org\",\"@graph\":[{\"@type\":\"WebPage\",\"@id\":\"https:\\\/\\\/aceitesmaeva.com\\\/fr\\\/depuis-1930\\\/\",\"url\":\"https:\\\/\\\/aceitesmaeva.com\\\/fr\\\/depuis-1930\\\/\",\"name\":\"Nuestra historia - Almazara, Aceites Maeva y Torres Morente\",\"isPartOf\":{\"@id\":\"https:\\\/\\\/aceitesmaeva.com\\\/fr\\\/#website\"},\"datePublished\":\"2020-02-27T19:18:22+00:00\",\"dateModified\":\"2022-06-25T10:44:19+00:00\",\"description\":\"Aceites Maeva fue fundada en 1930 por Don Luis Torres Torres, como empresa familiar dedicada a la producci\u00f3n y distribuci\u00f3n de aceite de oliva virgen extra\",\"breadcrumb\":{\"@id\":\"https:\\\/\\\/aceitesmaeva.com\\\/fr\\\/depuis-1930\\\/#breadcrumb\"},\"inLanguage\":\"fr-FR\",\"potentialAction\":[{\"@type\":\"ReadAction\",\"target\":[\"https:\\\/\\\/aceitesmaeva.com\\\/fr\\\/depuis-1930\\\/\"]}]},{\"@type\":\"BreadcrumbList\",\"@id\":\"https:\\\/\\\/aceitesmaeva.com\\\/fr\\\/depuis-1930\\\/#breadcrumb\",\"itemListElement\":[{\"@type\":\"ListItem\",\"position\":1,\"name\":\"Portada\",\"item\":\"https:\\\/\\\/aceitesmaeva.com\\\/fr\\\/\"},{\"@type\":\"ListItem\",\"position\":2,\"name\":\"Depuis 1930\"}]},{\"@type\":\"WebSite\",\"@id\":\"https:\\\/\\\/aceitesmaeva.com\\\/fr\\\/#website\",\"url\":\"https:\\\/\\\/aceitesmaeva.com\\\/fr\\\/\",\"name\":\"Aceites Maeva\",\"description\":\"Aceite de Oliva Virgen Extra\",\"potentialAction\":[{\"@type\":\"SearchAction\",\"target\":{\"@type\":\"EntryPoint\",\"urlTemplate\":\"https:\\\/\\\/aceitesmaeva.com\\\/fr\\\/?s={search_term_string}\"},\"query-input\":{\"@type\":\"PropertyValueSpecification\",\"valueRequired\":true,\"valueName\":\"search_term_string\"}}],\"inLanguage\":\"fr-FR\"}]}<\/script>\n<!-- \/ Yoast SEO plugin. -->","yoast_head_json":{"title":"Nuestra historia - Almazara, Aceites Maeva y Torres Morente","description":"Aceites Maeva fue fundada en 1930 por Don Luis Torres Torres, como empresa familiar dedicada a la producci\u00f3n y distribuci\u00f3n de aceite de oliva virgen extra","robots":{"index":"index","follow":"follow","max-snippet":"max-snippet:-1","max-image-preview":"max-image-preview:large","max-video-preview":"max-video-preview:-1"},"canonical":"https:\/\/aceitesmaeva.com\/fr\/depuis-1930\/","og_locale":"fr_FR","og_type":"article","og_title":"Nuestra historia - Almazara, Aceites Maeva y Torres Morente","og_description":"Aceites Maeva fue fundada en 1930 por Don Luis Torres Torres, como empresa familiar dedicada a la producci\u00f3n y distribuci\u00f3n de aceite de oliva virgen extra","og_url":"https:\/\/aceitesmaeva.com\/fr\/depuis-1930\/","og_site_name":"Aceites Maeva","article_modified_time":"2022-06-25T10:44:19+00:00","twitter_card":"summary_large_image","twitter_misc":{"Dur\u00e9e de lecture estim\u00e9e":"5 minutes"},"schema":{"@context":"https:\/\/schema.org","@graph":[{"@type":"WebPage","@id":"https:\/\/aceitesmaeva.com\/fr\/depuis-1930\/","url":"https:\/\/aceitesmaeva.com\/fr\/depuis-1930\/","name":"Nuestra historia - Almazara, Aceites Maeva y Torres Morente","isPartOf":{"@id":"https:\/\/aceitesmaeva.com\/fr\/#website"},"datePublished":"2020-02-27T19:18:22+00:00","dateModified":"2022-06-25T10:44:19+00:00","description":"Aceites Maeva fue fundada en 1930 por Don Luis Torres Torres, como empresa familiar dedicada a la producci\u00f3n y distribuci\u00f3n de aceite de oliva virgen extra","breadcrumb":{"@id":"https:\/\/aceitesmaeva.com\/fr\/depuis-1930\/#breadcrumb"},"inLanguage":"fr-FR","potentialAction":[{"@type":"ReadAction","target":["https:\/\/aceitesmaeva.com\/fr\/depuis-1930\/"]}]},{"@type":"BreadcrumbList","@id":"https:\/\/aceitesmaeva.com\/fr\/depuis-1930\/#breadcrumb","itemListElement":[{"@type":"ListItem","position":1,"name":"Portada","item":"https:\/\/aceitesmaeva.com\/fr\/"},{"@type":"ListItem","position":2,"name":"Depuis 1930"}]},{"@type":"WebSite","@id":"https:\/\/aceitesmaeva.com\/fr\/#website","url":"https:\/\/aceitesmaeva.com\/fr\/","name":"Aceites Maeva","description":"Aceite de Oliva Virgen Extra","potentialAction":[{"@type":"SearchAction","target":{"@type":"EntryPoint","urlTemplate":"https:\/\/aceitesmaeva.com\/fr\/?s={search_term_string}"},"query-input":{"@type":"PropertyValueSpecification","valueRequired":true,"valueName":"search_term_string"}}],"inLanguage":"fr-FR"}]}},"_links":{"self":[{"href":"https:\/\/aceitesmaeva.com\/fr\/wp-json\/wp\/v2\/pages\/79521","targetHints":{"allow":["GET"]}}],"collection":[{"href":"https:\/\/aceitesmaeva.com\/fr\/wp-json\/wp\/v2\/pages"}],"about":[{"href":"https:\/\/aceitesmaeva.com\/fr\/wp-json\/wp\/v2\/types\/page"}],"author":[{"embeddable":true,"href":"https:\/\/aceitesmaeva.com\/fr\/wp-json\/wp\/v2\/users\/3"}],"replies":[{"embeddable":true,"href":"https:\/\/aceitesmaeva.com\/fr\/wp-json\/wp\/v2\/comments?post=79521"}],"version-history":[{"count":14,"href":"https:\/\/aceitesmaeva.com\/fr\/wp-json\/wp\/v2\/pages\/79521\/revisions"}],"predecessor-version":[{"id":81093,"href":"https:\/\/aceitesmaeva.com\/fr\/wp-json\/wp\/v2\/pages\/79521\/revisions\/81093"}],"wp:attachment":[{"href":"https:\/\/aceitesmaeva.com\/fr\/wp-json\/wp\/v2\/media?parent=79521"}],"curies":[{"name":"wp","href":"https:\/\/api.w.org\/{rel}","templated":true}]}}