{"id":79515,"date":"2020-02-27T18:58:33","date_gmt":"2020-02-27T18:58:33","guid":{"rendered":"https:\/\/aceitesmaeva.com\/materie-premiere\/"},"modified":"2022-06-25T10:47:49","modified_gmt":"2022-06-25T10:47:49","slug":"materie-premiere","status":"publish","type":"page","link":"https:\/\/aceitesmaeva.com\/fr\/materie-premiere\/","title":{"rendered":"Materie Premiere"},"content":{"rendered":"<div class=\"wpb-content-wrapper\"><p>[vc_row css_animation=\u00a0\u00bb\u00a0\u00bb row_type=\u00a0\u00bbrow\u00a0\u00bb use_row_as_full_screen_section=\u00a0\u00bbno\u00a0\u00bb type=\u00a0\u00bbgrid\u00a0\u00bb angled_section=\u00a0\u00bbno\u00a0\u00bb text_align=\u00a0\u00bbleft\u00a0\u00bb background_image_as_pattern=\u00a0\u00bbwithout_pattern\u00a0\u00bb z_index=\u00a0\u00bb\u00a0\u00bb][vc_column][qode_elements_holder number_of_columns=\u00a0\u00bbtwo_columns\u00a0\u00bb][qode_elements_holder_item advanced_animations=\u00a0\u00bbno\u00a0\u00bb][vc_column_text]<\/p>\n<h4 style=\"text-align: center;\">L\u2019huile d\u2019olive<\/h4>\n<p>[\/vc_column_text][vc_separator type=\u00a0\u00bbsmall\u00a0\u00bb position=\u00a0\u00bbcenter\u00a0\u00bb color=\u00a0\u00bb#225d38&Prime;][vc_column_text css=\u00a0\u00bb.vc_custom_1571909988262{padding-top: 10px !important;padding-right: 10px !important;padding-bottom: 10px !important;padding-left: 10px !important;}\u00a0\u00bb]L\u2019huile d\u2019olive extra vierge est le jus naturel qui est extrait directement des olives. C\u2019est pourquoi il contient toutes les propri\u00e9t\u00e9s saines et nutritionnelles propres \u00e0 cet exceptionnel produit naturel. Cette huile est connue pour la grande vari\u00e9t\u00e9 de bienfaits qu\u2019elle apporte \u00e0 notre organisme. En effet, elle r\u00e9duit le risque de maladies cardiovasculaires, coronariennes et du foie, entre autres.[\/vc_column_text][\/qode_elements_holder_item][qode_elements_holder_item cover=\u00a0\u00bbyes\u00a0\u00bb advanced_animations=\u00a0\u00bbno\u00a0\u00bb background_image=\u00a0\u00bb457&Prime;][\/qode_elements_holder_item][\/qode_elements_holder][vc_empty_space][\/vc_column][\/vc_row][vc_row css_animation=\u00a0\u00bb\u00a0\u00bb row_type=\u00a0\u00bbrow\u00a0\u00bb use_row_as_full_screen_section=\u00a0\u00bbno\u00a0\u00bb type=\u00a0\u00bbgrid\u00a0\u00bb angled_section=\u00a0\u00bbno\u00a0\u00bb text_align=\u00a0\u00bbleft\u00a0\u00bb background_image_as_pattern=\u00a0\u00bbwithout_pattern\u00a0\u00bb z_index=\u00a0\u00bb\u00a0\u00bb css=\u00a0\u00bb.vc_custom_1571063100427{background-color: #f7f7f7 !important;}\u00a0\u00bb][vc_column][vc_empty_space][qode_elements_holder number_of_columns=\u00a0\u00bbtwo_columns\u00a0\u00bb][qode_elements_holder_item cover=\u00a0\u00bbyes\u00a0\u00bb advanced_animations=\u00a0\u00bbno\u00a0\u00bb background_image=\u00a0\u00bb79280&Prime;][\/qode_elements_holder_item][qode_elements_holder_item advanced_animations=\u00a0\u00bbno\u00a0\u00bb][vc_column_text]<\/p>\n<h4 style=\"text-align: center;\">Bienfaits de L\u2019huile d\u2019olive<\/h4>\n<p>[\/vc_column_text][vc_separator type=\u00a0\u00bbsmall\u00a0\u00bb position=\u00a0\u00bbcenter\u00a0\u00bb color=\u00a0\u00bb#225d38&Prime;][vc_column_text css=\u00a0\u00bb.vc_custom_1581967413562{padding-top: 15px !important;padding-right: 15px !important;padding-bottom: 15px !important;padding-left: 15px !important;}\u00a0\u00bb]<\/p>\n<h4 class=\"in-the-world-title\"><strong>B\u00c9N\u00c9FICES\u00a0<span id=\"spain\">culinaires et nutritionnels<\/span><\/strong><\/h4>\n<p>Elle octroie une saveur in\u00e9galable \u00e0 la nourriture et elle est riche en vitamine E, indispensable au corps humain. L\u2019huile d\u2019olive extra vierge est uniquement obtenue gr\u00e2ce \u00e0 des proc\u00e9d\u00e9s physiques, ce qui permet \u00e0 l\u2019huile non cuisin\u00e9e d\u2019\u00eatre beaucoup plus saine que d\u2019autres.<\/p>\n<h4 class=\"in-the-world-title\"><strong>B\u00c9N\u00c9FICES<span id=\"spain\">  th\u00e9rapeutiques <\/span><\/strong><\/h4>\n<p>Elle apporte des acides ol\u00e9iques et linol\u00e9iques qui sont des acides gras fondamentaux pour la vie humaine. Les acides ol\u00e9iques sont tr\u00e8s b\u00e9n\u00e9fiques pour r\u00e9guler le cholest\u00e9rol. En effet, ils augmentent le cholest\u00e9rol HDL ou le bon cholest\u00e9rol et fournissent une protection qui aide \u00e0 r\u00e9duire le cholest\u00e9rol LDL ou le mauvais cholest\u00e9rol. Le risque de thrombose art\u00e9rielle et d\u2019infarctus est ainsi r\u00e9duit. De plus, l\u2019huile est b\u00e9n\u00e9fique pour :<\/p>\n<ul>\n<li>L\u2019appareil digestif: elle am\u00e9liore le fonctionnement de l\u2019estomac et du pancr\u00e9as, le niveau h\u00e9patobiliaire et le niveau intestinal;<\/li>\n<li>Le syst\u00e8me circulatoire: elle aide \u00e0 pr\u00e9venir les art\u00e9rioscl\u00e9roses et leurs cons\u00e9quences;<\/li>\n<li>Le syst\u00e8me endocrinien : elle am\u00e9liore les fonctions m\u00e9taboliques;<\/li>\n<li>Le syst\u00e8me squelettique : elle stimule la croissance et favorise l\u2019absorption du calcium et la min\u00e9ralisation;<\/li>\n<li>La peau : elle a un effet protecteur et tonique pour l\u2019\u00e9piderme..<\/li>\n<\/ul>\n<p>[\/vc_column_text][\/qode_elements_holder_item][\/qode_elements_holder][vc_empty_space][\/vc_column][\/vc_row][vc_row css_animation=\u00a0\u00bb\u00a0\u00bb row_type=\u00a0\u00bbrow\u00a0\u00bb use_row_as_full_screen_section=\u00a0\u00bbno\u00a0\u00bb type=\u00a0\u00bbgrid\u00a0\u00bb angled_section=\u00a0\u00bbno\u00a0\u00bb text_align=\u00a0\u00bbleft\u00a0\u00bb background_image_as_pattern=\u00a0\u00bbwithout_pattern\u00a0\u00bb z_index=\u00a0\u00bb\u00a0\u00bb][vc_column][vc_empty_space][vc_text_separator title=\u00a0\u00bbVari\u00e9t\u00e9s D\u2019OLIVES\u00a0\u00bb border=\u00a0\u00bbno\u00a0\u00bb][vc_empty_space][\/vc_column][\/vc_row][vc_row css_animation=\u00a0\u00bb\u00a0\u00bb row_type=\u00a0\u00bbrow\u00a0\u00bb use_row_as_full_screen_section=\u00a0\u00bbno\u00a0\u00bb type=\u00a0\u00bbgrid\u00a0\u00bb angled_section=\u00a0\u00bbno\u00a0\u00bb text_align=\u00a0\u00bbleft\u00a0\u00bb background_image_as_pattern=\u00a0\u00bbwithout_pattern\u00a0\u00bb z_index=\u00a0\u00bb\u00a0\u00bb][vc_column]<div class='cover_boxes' data-active-element='1'><ul class='clearfix'><li><div class='box'><a itemprop='url' class='thumb' href='' target='_self'><img itemprop='image' alt='Picual' src='https:\/\/aceitesmaeva.com\/wp-content\/uploads\/2019\/05\/picual.png' \/><\/a><div class=\"box_content\"><h3 style=\"color:#225d38\">Picual<\/h3><p >Typique de la province de Ja\u00e9n, elle poss\u00e8de de caract\u00e9ristiques uniques desquelles r\u00e9sulte une huile aux ar\u00f4mes et aux parfums fruit\u00e9s et am\u00e8res d\u2019olive et d\u2019herbes vertes.<\/p><\/div><\/div><\/li><li><div class='box'><a itemprop='url' class='thumb' href='' target='_self'><img itemprop='image' alt='Lech\u00edn' src='https:\/\/aceitesmaeva.com\/wp-content\/uploads\/2019\/05\/LECHIN.png' \/><\/a><div class=\"box_content\"><h3 style=\"color:#225d38\">Lech\u00edn<\/h3><p >Typique des estivations de Sierra Morena (Cordoue et S\u00e9ville), elle produit une huile sucr\u00e9e, avec un go\u00fbt doux \u00e0 la pomme et un ar\u00f4me d\u2019herbe r\u00e9cemment coup\u00e9e.<\/p><\/div><\/div><\/li><li><div class='box'><a itemprop='url' class='thumb' href='' target='_self'><img itemprop='image' alt='Arbequina' src='https:\/\/aceitesmaeva.com\/wp-content\/uploads\/2019\/05\/hojiblanca.png' \/><\/a><div class=\"box_content\"><h3 style=\"color:#225d38\">Arbequina<\/h3><p >Aceituna de maduraci\u00f3n temprana, forma sim\u00e9trica y esf\u00e9rica. El aceite es arom\u00e1tico, dulce y de sabor suave<\/p><\/div><\/div><\/li><\/ul><\/div>[vc_empty_space]<div class='cover_boxes' data-active-element='1'><ul class='clearfix'><li><div class='box'><a itemprop='url' class='thumb' href='' target='_self'><img itemprop='image' alt='Empeltre' src='https:\/\/aceitesmaeva.com\/wp-content\/uploads\/2019\/11\/empeltre.png' \/><\/a><div class=\"box_content\"><h3 style=\"color:#225d38\">Empeltre<\/h3><p >De forma alargada, asim\u00e9trica y ligeramente bombeada por el dorso, su aceite es de sabor delicado y dulce, muy agradables a la boca sin amargor ni picor.<\/p><\/div><\/div><\/li><li><div class='box'><a itemprop='url' class='thumb' href='' target='_self'><img itemprop='image' alt='Cornicabra' src='https:\/\/aceitesmaeva.com\/wp-content\/uploads\/2020\/03\/Cornicabra.png' \/><\/a><div class=\"box_content\"><h3 style=\"color:#225d38\">Cornicabra<\/h3><p >Se da en los alrededores de Toledo y otorga al aceite un sabor a frutas maduras, fresco, aunque ligeramente amargo, de color verde y muy arom\u00e1tico.<\/p><\/div><\/div><\/li><li><div class='box'><a itemprop='url' class='thumb' href='' target='_self'><img itemprop='image' alt='Gordal' src='https:\/\/aceitesmaeva.com\/wp-content\/uploads\/2019\/11\/Arbequina.png' \/><\/a><div class=\"box_content\"><h3 style=\"color:#225d38\">Gordal<\/h3><p >Plus indiqu\u00e9e comme olive de table que pour la production d\u2019huile car elle a un faible rendement. Elle est principalement cultiv\u00e9e \u00e0 S\u00e9ville et Grenade.<\/p><\/div><\/div><\/li><\/ul><\/div>[vc_empty_space css=\u00a0\u00bb.vc_custom_1582830536030{margin-top: 10px !important;}\u00a0\u00bb][\/vc_column][\/vc_row][vc_row css_animation=\u00a0\u00bb\u00a0\u00bb row_type=\u00a0\u00bbrow\u00a0\u00bb use_row_as_full_screen_section=\u00a0\u00bbno\u00a0\u00bb type=\u00a0\u00bbgrid\u00a0\u00bb angled_section=\u00a0\u00bbno\u00a0\u00bb text_align=\u00a0\u00bbleft\u00a0\u00bb background_image_as_pattern=\u00a0\u00bbwithout_pattern\u00a0\u00bb z_index=\u00a0\u00bb\u00a0\u00bb][vc_column][\/vc_column][\/vc_row]<\/p>\n<\/div>","protected":false},"excerpt":{"rendered":"<p>[vc_row css_animation=\u00a0\u00bb\u00a0\u00bb row_type=\u00a0\u00bbrow\u00a0\u00bb use_row_as_full_screen_section=\u00a0\u00bbno\u00a0\u00bb type=\u00a0\u00bbgrid\u00a0\u00bb angled_section=\u00a0\u00bbno\u00a0\u00bb text_align=\u00a0\u00bbleft\u00a0\u00bb background_image_as_pattern=\u00a0\u00bbwithout_pattern\u00a0\u00bb z_index=\u00a0\u00bb\u00a0\u00bb][vc_column][qode_elements_holder number_of_columns=\u00a0\u00bbtwo_columns\u00a0\u00bb][qode_elements_holder_item advanced_animations=\u00a0\u00bbno\u00a0\u00bb][vc_column_text] L\u2019huile d\u2019olive [\/vc_column_text][vc_separator type=\u00a0\u00bbsmall\u00a0\u00bb position=\u00a0\u00bbcenter\u00a0\u00bb color=\u00a0\u00bb#225d38&Prime;][vc_column_text css=\u00a0\u00bb.vc_custom_1571909988262{padding-top: 10px !important;padding-right: 10px !important;padding-bottom: 10px !important;padding-left: 10px !important;}\u00a0\u00bb]L\u2019huile d\u2019olive extra vierge est le jus naturel qui est extrait directement des olives. C\u2019est pourquoi il contient toutes les&#8230;<\/p>\n","protected":false},"author":3,"featured_media":0,"parent":0,"menu_order":0,"comment_status":"closed","ping_status":"closed","template":"full_width.php","meta":{"footnotes":""},"class_list":["post-79515","page","type-page","status-publish","hentry"],"yoast_head":"<!-- This site is optimized with the Yoast SEO plugin v27.4 - https:\/\/yoast.com\/product\/yoast-seo-wordpress\/ -->\n<title>Materia prima de nuestro Aceite de oliva virgen extra Maeva<\/title>\n<meta name=\"description\" content=\"En Aceites Maeva apostamos por la calidad de nuestro Aceite de oliva virgen extra, por ello selecionamos la mejor materia prima para su elaboraci\u00f3n\" \/>\n<meta name=\"robots\" content=\"index, follow, max-snippet:-1, max-image-preview:large, max-video-preview:-1\" \/>\n<link rel=\"canonical\" href=\"https:\/\/aceitesmaeva.com\/fr\/materie-premiere\/\" \/>\n<meta property=\"og:locale\" content=\"fr_FR\" \/>\n<meta property=\"og:type\" content=\"article\" \/>\n<meta property=\"og:title\" content=\"Materia prima de nuestro Aceite de oliva virgen extra Maeva\" \/>\n<meta property=\"og:description\" content=\"En Aceites Maeva apostamos por la calidad de nuestro Aceite de oliva virgen extra, por ello selecionamos la mejor materia prima para su elaboraci\u00f3n\" \/>\n<meta property=\"og:url\" content=\"https:\/\/aceitesmaeva.com\/fr\/materie-premiere\/\" \/>\n<meta property=\"og:site_name\" content=\"Aceites Maeva\" \/>\n<meta property=\"article:modified_time\" content=\"2022-06-25T10:47:49+00:00\" \/>\n<meta name=\"twitter:card\" content=\"summary_large_image\" \/>\n<meta name=\"twitter:label1\" content=\"Dur\u00e9e de lecture estim\u00e9e\" \/>\n\t<meta name=\"twitter:data1\" content=\"5 minutes\" \/>\n<script type=\"application\/ld+json\" class=\"yoast-schema-graph\">{\"@context\":\"https:\\\/\\\/schema.org\",\"@graph\":[{\"@type\":\"WebPage\",\"@id\":\"https:\\\/\\\/aceitesmaeva.com\\\/fr\\\/materie-premiere\\\/\",\"url\":\"https:\\\/\\\/aceitesmaeva.com\\\/fr\\\/materie-premiere\\\/\",\"name\":\"Materia prima de nuestro Aceite de oliva virgen extra Maeva\",\"isPartOf\":{\"@id\":\"https:\\\/\\\/aceitesmaeva.com\\\/fr\\\/#website\"},\"datePublished\":\"2020-02-27T18:58:33+00:00\",\"dateModified\":\"2022-06-25T10:47:49+00:00\",\"description\":\"En Aceites Maeva apostamos por la calidad de nuestro Aceite de oliva virgen extra, por ello selecionamos la mejor materia prima para su elaboraci\u00f3n\",\"breadcrumb\":{\"@id\":\"https:\\\/\\\/aceitesmaeva.com\\\/fr\\\/materie-premiere\\\/#breadcrumb\"},\"inLanguage\":\"fr-FR\",\"potentialAction\":[{\"@type\":\"ReadAction\",\"target\":[\"https:\\\/\\\/aceitesmaeva.com\\\/fr\\\/materie-premiere\\\/\"]}]},{\"@type\":\"BreadcrumbList\",\"@id\":\"https:\\\/\\\/aceitesmaeva.com\\\/fr\\\/materie-premiere\\\/#breadcrumb\",\"itemListElement\":[{\"@type\":\"ListItem\",\"position\":1,\"name\":\"Portada\",\"item\":\"https:\\\/\\\/aceitesmaeva.com\\\/fr\\\/\"},{\"@type\":\"ListItem\",\"position\":2,\"name\":\"Materie Premiere\"}]},{\"@type\":\"WebSite\",\"@id\":\"https:\\\/\\\/aceitesmaeva.com\\\/fr\\\/#website\",\"url\":\"https:\\\/\\\/aceitesmaeva.com\\\/fr\\\/\",\"name\":\"Aceites Maeva\",\"description\":\"Aceite de Oliva Virgen Extra\",\"potentialAction\":[{\"@type\":\"SearchAction\",\"target\":{\"@type\":\"EntryPoint\",\"urlTemplate\":\"https:\\\/\\\/aceitesmaeva.com\\\/fr\\\/?s={search_term_string}\"},\"query-input\":{\"@type\":\"PropertyValueSpecification\",\"valueRequired\":true,\"valueName\":\"search_term_string\"}}],\"inLanguage\":\"fr-FR\"}]}<\/script>\n<!-- \/ Yoast SEO plugin. -->","yoast_head_json":{"title":"Materia prima de nuestro Aceite de oliva virgen extra Maeva","description":"En Aceites Maeva apostamos por la calidad de nuestro Aceite de oliva virgen extra, por ello selecionamos la mejor materia prima para su elaboraci\u00f3n","robots":{"index":"index","follow":"follow","max-snippet":"max-snippet:-1","max-image-preview":"max-image-preview:large","max-video-preview":"max-video-preview:-1"},"canonical":"https:\/\/aceitesmaeva.com\/fr\/materie-premiere\/","og_locale":"fr_FR","og_type":"article","og_title":"Materia prima de nuestro Aceite de oliva virgen extra Maeva","og_description":"En Aceites Maeva apostamos por la calidad de nuestro Aceite de oliva virgen extra, por ello selecionamos la mejor materia prima para su elaboraci\u00f3n","og_url":"https:\/\/aceitesmaeva.com\/fr\/materie-premiere\/","og_site_name":"Aceites Maeva","article_modified_time":"2022-06-25T10:47:49+00:00","twitter_card":"summary_large_image","twitter_misc":{"Dur\u00e9e de lecture estim\u00e9e":"5 minutes"},"schema":{"@context":"https:\/\/schema.org","@graph":[{"@type":"WebPage","@id":"https:\/\/aceitesmaeva.com\/fr\/materie-premiere\/","url":"https:\/\/aceitesmaeva.com\/fr\/materie-premiere\/","name":"Materia prima de nuestro Aceite de oliva virgen extra Maeva","isPartOf":{"@id":"https:\/\/aceitesmaeva.com\/fr\/#website"},"datePublished":"2020-02-27T18:58:33+00:00","dateModified":"2022-06-25T10:47:49+00:00","description":"En Aceites Maeva apostamos por la calidad de nuestro Aceite de oliva virgen extra, por ello selecionamos la mejor materia prima para su elaboraci\u00f3n","breadcrumb":{"@id":"https:\/\/aceitesmaeva.com\/fr\/materie-premiere\/#breadcrumb"},"inLanguage":"fr-FR","potentialAction":[{"@type":"ReadAction","target":["https:\/\/aceitesmaeva.com\/fr\/materie-premiere\/"]}]},{"@type":"BreadcrumbList","@id":"https:\/\/aceitesmaeva.com\/fr\/materie-premiere\/#breadcrumb","itemListElement":[{"@type":"ListItem","position":1,"name":"Portada","item":"https:\/\/aceitesmaeva.com\/fr\/"},{"@type":"ListItem","position":2,"name":"Materie Premiere"}]},{"@type":"WebSite","@id":"https:\/\/aceitesmaeva.com\/fr\/#website","url":"https:\/\/aceitesmaeva.com\/fr\/","name":"Aceites Maeva","description":"Aceite de Oliva Virgen Extra","potentialAction":[{"@type":"SearchAction","target":{"@type":"EntryPoint","urlTemplate":"https:\/\/aceitesmaeva.com\/fr\/?s={search_term_string}"},"query-input":{"@type":"PropertyValueSpecification","valueRequired":true,"valueName":"search_term_string"}}],"inLanguage":"fr-FR"}]}},"_links":{"self":[{"href":"https:\/\/aceitesmaeva.com\/fr\/wp-json\/wp\/v2\/pages\/79515","targetHints":{"allow":["GET"]}}],"collection":[{"href":"https:\/\/aceitesmaeva.com\/fr\/wp-json\/wp\/v2\/pages"}],"about":[{"href":"https:\/\/aceitesmaeva.com\/fr\/wp-json\/wp\/v2\/types\/page"}],"author":[{"embeddable":true,"href":"https:\/\/aceitesmaeva.com\/fr\/wp-json\/wp\/v2\/users\/3"}],"replies":[{"embeddable":true,"href":"https:\/\/aceitesmaeva.com\/fr\/wp-json\/wp\/v2\/comments?post=79515"}],"version-history":[{"count":7,"href":"https:\/\/aceitesmaeva.com\/fr\/wp-json\/wp\/v2\/pages\/79515\/revisions"}],"predecessor-version":[{"id":81096,"href":"https:\/\/aceitesmaeva.com\/fr\/wp-json\/wp\/v2\/pages\/79515\/revisions\/81096"}],"wp:attachment":[{"href":"https:\/\/aceitesmaeva.com\/fr\/wp-json\/wp\/v2\/media?parent=79515"}],"curies":[{"name":"wp","href":"https:\/\/api.w.org\/{rel}","templated":true}]}}