{"id":79484,"date":"2020-02-27T10:55:45","date_gmt":"2020-02-27T10:55:45","guid":{"rendered":"https:\/\/aceitesmaeva.com\/dans-le-monde\/"},"modified":"2022-06-25T10:39:24","modified_gmt":"2022-06-25T10:39:24","slug":"dans-le-monde","status":"publish","type":"page","link":"https:\/\/aceitesmaeva.com\/fr\/dans-le-monde\/","title":{"rendered":"Dans le monde"},"content":{"rendered":"<div class=\"wpb-content-wrapper\"><p>[vc_row css_animation=\u00a0\u00bb\u00a0\u00bb row_type=\u00a0\u00bbrow\u00a0\u00bb use_row_as_full_screen_section=\u00a0\u00bbno\u00a0\u00bb type=\u00a0\u00bbgrid\u00a0\u00bb angled_section=\u00a0\u00bbno\u00a0\u00bb text_align=\u00a0\u00bbleft\u00a0\u00bb background_image_as_pattern=\u00a0\u00bbwithout_pattern\u00a0\u00bb css=\u00a0\u00bb.vc_custom_1581369301235{padding-top: 25px !important;padding-right: 25px !important;padding-bottom: 25px !important;padding-left: 25px !important;background-color: #f7f7f7 !important;}\u00a0\u00bb z_index=\u00a0\u00bb\u00a0\u00bb][vc_column width=\u00a0\u00bb1\/2&Prime;][vc_empty_space][vc_column_text]<\/p>\n<h4><span style=\"color: #225d38;\">Maeva ESPAGNE<\/span><\/h4>\n<h5><span style=\"color: #000000;\">Si\u00e8ge social et usine de conditionnement<\/span><\/h5>\n<p style=\"text-align: justify;\">En 2009, nos nouvelles installations sont inaugur\u00e9es dans le Parc Industriel et Technologique M\u00e9tropolitain de la commune d\u2019Esc\u00fazar (Grenade). Elles disposent de la technologie la plus avanc\u00e9e du march\u00e9 afin de s\u00e9lectionner, broyer et transformer les olives en huile ou encore de stocker et de conditionner. Sa capacit\u00e9 de broyage est sup\u00e9rieure \u00e0 50 000 tonnes par an.<\/p>\n<p style=\"text-align: justify;\">Les caract\u00e9ristiques techniques des nouvelles installations nous placent \u00e0 la t\u00eate du secteur industriel de l\u2019huile d\u2019olive extra vierge.<\/p>\n<p>[\/vc_column_text][vc_empty_space height=\u00a0\u00bb16px\u00a0\u00bb][\/vc_column][vc_column width=\u00a0\u00bb1\/2&Prime;][vc_empty_space][vc_column_text]<\/p>\n<h4 class=\"in-the-world-title\"><span style=\"color: #225d38;\">Maeva Industrie FRAN\u00c7AISE<\/span><\/h4>\n<h5><span style=\"color: #000000;\">Bureau commercial et usine de conditionnement<\/span><\/h5>\n<p style=\"text-align: justify;\">Cette filiale est cr\u00e9\u00e9e dans le pays voisin dans les ann\u00e9es 2000 et b\u00e9n\u00e9ficie d\u2019un personnel hautement qualifi\u00e9 qui se consacre \u00e0 accueillir les clients industriels. Il s\u2019agit d\u2019un bureau commercial sp\u00e9cialis\u00e9 dans les produits en vrac.<\/p>\n<p>[\/vc_column_text][vc_empty_space height=\u00a0\u00bb16px\u00a0\u00bb][\/vc_column][\/vc_row][vc_row css_animation=\u00a0\u00bb\u00a0\u00bb row_type=\u00a0\u00bbrow\u00a0\u00bb use_row_as_full_screen_section=\u00a0\u00bbno\u00a0\u00bb type=\u00a0\u00bbgrid\u00a0\u00bb angled_section=\u00a0\u00bbno\u00a0\u00bb text_align=\u00a0\u00bbleft\u00a0\u00bb background_image_as_pattern=\u00a0\u00bbwithout_pattern\u00a0\u00bb css=\u00a0\u00bb.vc_custom_1581369290536{padding-top: 25px !important;padding-right: 25px !important;padding-bottom: 25px !important;padding-left: 25px !important;}\u00a0\u00bb z_index=\u00a0\u00bb\u00a0\u00bb][vc_column width=\u00a0\u00bb1\/2&Prime;][vc_empty_space][vc_column_text]<\/p>\n<h4><span style=\"color: #225d38;\">Spraylab MEXIQUE<\/span><\/h4>\n<h5><span style=\"color: #000000;\">Bureau commercial et usine de conditionnement<\/span><\/h5>\n<p style=\"text-align: justify;\">En 2006, afin de r\u00e9pondre \u00e0 la demande aux \u00c9tats-Unis, nous avons ouvert \u00e0 Monterrey (Mexique) notre premi\u00e8re usine de conditionnement situ\u00e9e en-dehors du continent europ\u00e9en. Elle emploie plus de X travailleurs de mani\u00e8re directe et X de mani\u00e8re indirecte.<\/p>\n<p>[\/vc_column_text][vc_empty_space height=\u00a0\u00bb16px\u00a0\u00bb][\/vc_column][vc_column width=\u00a0\u00bb1\/2&Prime;][vc_empty_space][vc_column_text]<\/p>\n<h4><span style=\"color: #225d38;\">Maeva USA<br \/>\n<\/span><\/h4>\n<h5><span style=\"color: #000000;\">Bureau commercial<br \/>\n<\/span><\/h5>\n<p style=\"text-align: justify;\">Afin de couvrir les besoins du march\u00e9 am\u00e9ricain, nous y avons lanc\u00e9 notre activit\u00e9 en 2007, avec une filiale situ\u00e9e \u00e0 Philadelphie. Elle emploie un personnel sp\u00e9cialis\u00e9 qui r\u00e9pond aux demandes sp\u00e9cifiques de cet important march\u00e9.<\/p>\n<p>[\/vc_column_text][vc_empty_space height=\u00a0\u00bb16px\u00a0\u00bb][\/vc_column][\/vc_row][vc_row css_animation=\u00a0\u00bb\u00a0\u00bb row_type=\u00a0\u00bbrow\u00a0\u00bb use_row_as_full_screen_section=\u00a0\u00bbno\u00a0\u00bb type=\u00a0\u00bbgrid\u00a0\u00bb angled_section=\u00a0\u00bbno\u00a0\u00bb text_align=\u00a0\u00bbleft\u00a0\u00bb background_image_as_pattern=\u00a0\u00bbwithout_pattern\u00a0\u00bb css=\u00a0\u00bb.vc_custom_1581369309997{padding-top: 25px !important;padding-right: 25px !important;padding-bottom: 25px !important;padding-left: 25px !important;background-color: #f7f7f7 !important;}\u00a0\u00bb z_index=\u00a0\u00bb\u00a0\u00bb][vc_column width=\u00a0\u00bb1\/2&Prime;][vc_empty_space][vc_column_text]<\/p>\n<h4><span style=\"color: #225d38;\">Maeva CHINE<\/span><\/h4>\n<h5><span style=\"color: #000000;\">Bureau commercial<br \/>\n<\/span><\/h5>\n<p style=\"text-align: justify;\">En repoussant encore un peu plus nos fronti\u00e8res afin de couvrir la demande orientale, nous avons ouvert en 2010 notre premier bureau sur le sol chinois, \u00e0 P\u00e9kin. Il emploie un personnel local, permettant ainsi \u00e0 l\u2019entreprise de faire son chemin \u00e0 travers ce march\u00e9 en plein essor o\u00f9, en 20XX, nous nous sommes \u00e9tablis comme la deuxi\u00e8me plus grande entreprise exportatrice alimentaire au niveau national, avec X litres.<\/p>\n<p>[\/vc_column_text][vc_empty_space height=\u00a0\u00bb16px\u00a0\u00bb][\/vc_column][vc_column width=\u00a0\u00bb1\/2&Prime;][vc_empty_space][vc_column_text]<\/p>\n<h4><span style=\"color: #225d38;\">Maeva JAPAN<br \/>\n<\/span><\/h4>\n<h5><span style=\"color: #000000;\">Bureau commercial<br \/>\n<\/span><\/h5>\n<p style=\"text-align: justify;\">En 2019, nous avons ouvert notre deuxi\u00e8me bureau en Asie pour stimuler notre croissance dans le 5e plus grand pays consommateur d&rsquo;huile d&rsquo;olive au monde<\/p>\n<p>[\/vc_column_text][vc_empty_space height=\u00a0\u00bb16px\u00a0\u00bb][\/vc_column][\/vc_row]<\/p>\n<\/div>","protected":false},"excerpt":{"rendered":"<p>[vc_row css_animation=\u00a0\u00bb\u00a0\u00bb row_type=\u00a0\u00bbrow\u00a0\u00bb use_row_as_full_screen_section=\u00a0\u00bbno\u00a0\u00bb type=\u00a0\u00bbgrid\u00a0\u00bb angled_section=\u00a0\u00bbno\u00a0\u00bb text_align=\u00a0\u00bbleft\u00a0\u00bb background_image_as_pattern=\u00a0\u00bbwithout_pattern\u00a0\u00bb css=\u00a0\u00bb.vc_custom_1581369301235{padding-top: 25px !important;padding-right: 25px !important;padding-bottom: 25px !important;padding-left: 25px !important;background-color: #f7f7f7 !important;}\u00a0\u00bb z_index=\u00a0\u00bb\u00a0\u00bb][vc_column width=\u00a0\u00bb1\/2&Prime;][vc_empty_space][vc_column_text] Maeva ESPAGNE Si\u00e8ge social et usine de conditionnement En 2009, nos nouvelles installations sont inaugur\u00e9es dans le Parc Industriel et Technologique M\u00e9tropolitain de la&#8230;<\/p>\n","protected":false},"author":3,"featured_media":0,"parent":0,"menu_order":0,"comment_status":"closed","ping_status":"closed","template":"full_width.php","meta":{"footnotes":""},"class_list":["post-79484","page","type-page","status-publish","hentry"],"yoast_head":"<!-- This site is optimized with the Yoast SEO plugin v27.4 - https:\/\/yoast.com\/product\/yoast-seo-wordpress\/ -->\n<title>Empresa exportadora de Aceite de Oliva a nivel internacional<\/title>\n<meta name=\"description\" content=\"Dans le monde - Aceites Maeva\" \/>\n<meta name=\"robots\" content=\"index, follow, max-snippet:-1, max-image-preview:large, max-video-preview:-1\" \/>\n<link rel=\"canonical\" href=\"https:\/\/aceitesmaeva.com\/fr\/dans-le-monde\/\" \/>\n<meta property=\"og:locale\" content=\"fr_FR\" \/>\n<meta property=\"og:type\" content=\"article\" \/>\n<meta property=\"og:title\" content=\"Empresa exportadora de Aceite de Oliva a nivel internacional\" \/>\n<meta property=\"og:description\" content=\"Dans le monde - Aceites Maeva\" \/>\n<meta property=\"og:url\" content=\"https:\/\/aceitesmaeva.com\/fr\/dans-le-monde\/\" \/>\n<meta property=\"og:site_name\" content=\"Aceites Maeva\" \/>\n<meta property=\"article:modified_time\" content=\"2022-06-25T10:39:24+00:00\" \/>\n<meta name=\"twitter:card\" content=\"summary_large_image\" \/>\n<meta name=\"twitter:label1\" content=\"Dur\u00e9e de lecture estim\u00e9e\" \/>\n\t<meta name=\"twitter:data1\" content=\"3 minutes\" \/>\n<script type=\"application\/ld+json\" class=\"yoast-schema-graph\">{\"@context\":\"https:\\\/\\\/schema.org\",\"@graph\":[{\"@type\":\"WebPage\",\"@id\":\"https:\\\/\\\/aceitesmaeva.com\\\/fr\\\/dans-le-monde\\\/\",\"url\":\"https:\\\/\\\/aceitesmaeva.com\\\/fr\\\/dans-le-monde\\\/\",\"name\":\"Empresa exportadora de Aceite de Oliva a nivel internacional\",\"isPartOf\":{\"@id\":\"https:\\\/\\\/aceitesmaeva.com\\\/fr\\\/#website\"},\"datePublished\":\"2020-02-27T10:55:45+00:00\",\"dateModified\":\"2022-06-25T10:39:24+00:00\",\"description\":\"Dans le monde - Aceites Maeva\",\"breadcrumb\":{\"@id\":\"https:\\\/\\\/aceitesmaeva.com\\\/fr\\\/dans-le-monde\\\/#breadcrumb\"},\"inLanguage\":\"fr-FR\",\"potentialAction\":[{\"@type\":\"ReadAction\",\"target\":[\"https:\\\/\\\/aceitesmaeva.com\\\/fr\\\/dans-le-monde\\\/\"]}]},{\"@type\":\"BreadcrumbList\",\"@id\":\"https:\\\/\\\/aceitesmaeva.com\\\/fr\\\/dans-le-monde\\\/#breadcrumb\",\"itemListElement\":[{\"@type\":\"ListItem\",\"position\":1,\"name\":\"Portada\",\"item\":\"https:\\\/\\\/aceitesmaeva.com\\\/fr\\\/\"},{\"@type\":\"ListItem\",\"position\":2,\"name\":\"Dans le monde\"}]},{\"@type\":\"WebSite\",\"@id\":\"https:\\\/\\\/aceitesmaeva.com\\\/fr\\\/#website\",\"url\":\"https:\\\/\\\/aceitesmaeva.com\\\/fr\\\/\",\"name\":\"Aceites Maeva\",\"description\":\"Aceite de Oliva Virgen Extra\",\"potentialAction\":[{\"@type\":\"SearchAction\",\"target\":{\"@type\":\"EntryPoint\",\"urlTemplate\":\"https:\\\/\\\/aceitesmaeva.com\\\/fr\\\/?s={search_term_string}\"},\"query-input\":{\"@type\":\"PropertyValueSpecification\",\"valueRequired\":true,\"valueName\":\"search_term_string\"}}],\"inLanguage\":\"fr-FR\"}]}<\/script>\n<!-- \/ Yoast SEO plugin. -->","yoast_head_json":{"title":"Empresa exportadora de Aceite de Oliva a nivel internacional","description":"Dans le monde - Aceites Maeva","robots":{"index":"index","follow":"follow","max-snippet":"max-snippet:-1","max-image-preview":"max-image-preview:large","max-video-preview":"max-video-preview:-1"},"canonical":"https:\/\/aceitesmaeva.com\/fr\/dans-le-monde\/","og_locale":"fr_FR","og_type":"article","og_title":"Empresa exportadora de Aceite de Oliva a nivel internacional","og_description":"Dans le monde - Aceites Maeva","og_url":"https:\/\/aceitesmaeva.com\/fr\/dans-le-monde\/","og_site_name":"Aceites Maeva","article_modified_time":"2022-06-25T10:39:24+00:00","twitter_card":"summary_large_image","twitter_misc":{"Dur\u00e9e de lecture estim\u00e9e":"3 minutes"},"schema":{"@context":"https:\/\/schema.org","@graph":[{"@type":"WebPage","@id":"https:\/\/aceitesmaeva.com\/fr\/dans-le-monde\/","url":"https:\/\/aceitesmaeva.com\/fr\/dans-le-monde\/","name":"Empresa exportadora de Aceite de Oliva a nivel internacional","isPartOf":{"@id":"https:\/\/aceitesmaeva.com\/fr\/#website"},"datePublished":"2020-02-27T10:55:45+00:00","dateModified":"2022-06-25T10:39:24+00:00","description":"Dans le monde - Aceites Maeva","breadcrumb":{"@id":"https:\/\/aceitesmaeva.com\/fr\/dans-le-monde\/#breadcrumb"},"inLanguage":"fr-FR","potentialAction":[{"@type":"ReadAction","target":["https:\/\/aceitesmaeva.com\/fr\/dans-le-monde\/"]}]},{"@type":"BreadcrumbList","@id":"https:\/\/aceitesmaeva.com\/fr\/dans-le-monde\/#breadcrumb","itemListElement":[{"@type":"ListItem","position":1,"name":"Portada","item":"https:\/\/aceitesmaeva.com\/fr\/"},{"@type":"ListItem","position":2,"name":"Dans le monde"}]},{"@type":"WebSite","@id":"https:\/\/aceitesmaeva.com\/fr\/#website","url":"https:\/\/aceitesmaeva.com\/fr\/","name":"Aceites Maeva","description":"Aceite de Oliva Virgen Extra","potentialAction":[{"@type":"SearchAction","target":{"@type":"EntryPoint","urlTemplate":"https:\/\/aceitesmaeva.com\/fr\/?s={search_term_string}"},"query-input":{"@type":"PropertyValueSpecification","valueRequired":true,"valueName":"search_term_string"}}],"inLanguage":"fr-FR"}]}},"_links":{"self":[{"href":"https:\/\/aceitesmaeva.com\/fr\/wp-json\/wp\/v2\/pages\/79484","targetHints":{"allow":["GET"]}}],"collection":[{"href":"https:\/\/aceitesmaeva.com\/fr\/wp-json\/wp\/v2\/pages"}],"about":[{"href":"https:\/\/aceitesmaeva.com\/fr\/wp-json\/wp\/v2\/types\/page"}],"author":[{"embeddable":true,"href":"https:\/\/aceitesmaeva.com\/fr\/wp-json\/wp\/v2\/users\/3"}],"replies":[{"embeddable":true,"href":"https:\/\/aceitesmaeva.com\/fr\/wp-json\/wp\/v2\/comments?post=79484"}],"version-history":[{"count":5,"href":"https:\/\/aceitesmaeva.com\/fr\/wp-json\/wp\/v2\/pages\/79484\/revisions"}],"predecessor-version":[{"id":81089,"href":"https:\/\/aceitesmaeva.com\/fr\/wp-json\/wp\/v2\/pages\/79484\/revisions\/81089"}],"wp:attachment":[{"href":"https:\/\/aceitesmaeva.com\/fr\/wp-json\/wp\/v2\/media?parent=79484"}],"curies":[{"name":"wp","href":"https:\/\/api.w.org\/{rel}","templated":true}]}}